{"id":113,"date":"2015-10-22T14:34:37","date_gmt":"2015-10-22T19:34:37","guid":{"rendered":"http:\/\/test.kriesi.at\/construction\/?page_id=113"},"modified":"2020-07-15T00:27:11","modified_gmt":"2020-07-15T00:27:11","slug":"productos","status":"publish","type":"page","link":"https:\/\/specc.com.mx\/index.php\/productos\/","title":{"rendered":"Productos"},"content":{"rendered":"<div id='full_slider_1' class='avia-fullwidth-slider main_color avia-shadow   avia-builder-el-0  el_before_av_one_full  avia-builder-el-first  container_wrap sidebar_right' style=' '  ><div  data-size='featured'  data-lightbox_size='large'  data-animation='slide'  data-conditional_play=''  data-ids='1660'  data-video_counter='0'  data-autoplay='false'  data-bg_slider='false'  data-slide_height=''  data-handle='av_slideshow_full'  data-interval='5'  data-class=' '  data-css_id=''  data-scroll_down=''  data-control_layout='av-control-default'  data-custom_markup=''  data-perma_caption=''  data-autoplay_stopper=''  data-image_attachment=''  data-min_height='0px'  data-src=''  data-position='top left'  data-repeat='no-repeat'  data-attach='scroll'  data-stretch=''  data-default-height='28.666666666667'  class='avia-slideshow avia-slideshow-1  av-control-default av-default-height-applied avia-slideshow-featured av_slideshow_full   avia-slide-slider '  itemprop=\"image\" itemscope=\"itemscope\" itemtype=\"https:\/\/schema.org\/ImageObject\" ><ul class='avia-slideshow-inner ' style='padding-bottom: 28.666666666667%;' ><li  class=' av-single-slide slide-1 ' ><div data-rel='slideshow-1' class='avia-slide-wrap '   ><img src='https:\/\/specc.com.mx\/wp-content\/uploads\/2020\/07\/slide_1_1_3-1500x430.gif' width='1500' height='430' title='slide_1_1_3' alt=''  itemprop=\"thumbnailUrl\"   \/><\/div><\/li><\/ul><\/div><\/div><div id='after_full_slider_1' class='main_color av_default_container_wrap container_wrap sidebar_right' style=' '  ><div class='container' ><div class='template-page content  av-content-small alpha units'><div class='post-entry post-entry-type-page post-entry-113'><div class='entry-content-wrapper clearfix'>\n<div class=\"flex_column av_one_full  av-animated-generic bottom-to-top  flex_column_div av-zero-column-padding first  avia-builder-el-1  el_after_av_slideshow_full  el_before_av_one_full  avia-builder-el-first  \" style='margin-top:0px; margin-bottom:0px; border-radius:0px; '><p><div style='padding-bottom:0px; ' class='av-special-heading av-special-heading-h2  blockquote modern-quote modern-centered  avia-builder-el-2  el_before_av_hr  avia-builder-el-first   '><h2 class='av-special-heading-tag '  itemprop=\"headline\"  >NUESTROS PRODUCTOS<\/h2><div class='special-heading-border'><div class='special-heading-inner-border' ><\/div><\/div><\/div><br \/>\n<div style='height:50px' class='hr hr-invisible   avia-builder-el-3  el_after_av_heading  avia-builder-el-last '><span class='hr-inner ' ><span class='hr-inner-style'><\/span><\/span><\/div><\/p><\/div>\n<div class=\"flex_column av_one_full  av-animated-generic bottom-to-top  flex_column_div av-zero-column-padding first  avia-builder-el-4  el_after_av_one_full  el_before_av_slideshow_full  avia-builder-el-last  column-top-margin\" style='margin-top:0px; margin-bottom:0px; border-radius:0px; '><section class=\"av_textblock_section \"  itemscope=\"itemscope\" itemtype=\"https:\/\/schema.org\/CreativeWork\" ><div class='avia_textblock  '   itemprop=\"text\" ><p>Somos especialistas en el dise\u00f1o y fabricaci\u00f3n de Fixtures y Gauges, ofreciendo soporte durante todo el proceso de desarrollo de los productos con el fin de adaptarse a los requerimientos de nuestros clientes, siempre con los m\u00e1s altos est\u00e1ndares de calidad, asegurando la estabilidad y repetibilida de las mismas, utilizando materiales de primera.<\/p>\n<p>Tenemos la capacidad de <strong>conceptualizar, dise\u00f1ar, adaptar, producir y ensamblar<\/strong> caracter\u00edsticas est\u00e1ndar y personalizadas para aumentar la productividad de nuestros dispositivos.<\/p>\n<p>Somos fabricantes de una gama de medidores de precisi\u00f3n <strong>Go\/NoGo,<\/strong>\u00a0para inspeccionar y\/o verificar caracter\u00edsticas espec\u00edficas.<\/p>\n<p>Contamos con isntalaciones equipadas con maquinaria y recursos necesarios para el desarrollo de nuestros productos como: CNC&#8217;s, software especializado y recursos humanos profesionales y capacitados constantemente.<\/p>\n<\/div><\/section><\/div>\n<\/div><\/div><\/div><!-- close content main div --><\/div><\/div><div id='full_slider_2' class='avia-fullwidth-slider main_color avia-shadow   avia-builder-el-6  el_after_av_one_full  el_before_av_hr  slider-not-first container_wrap sidebar_right' style=' '  ><div  data-size='featured'  data-lightbox_size='large'  data-animation='slide'  data-conditional_play=''  data-ids='1924'  data-video_counter='0'  data-autoplay='false'  data-bg_slider='false'  data-slide_height=''  data-handle='av_slideshow_full'  data-interval='5'  data-class=' '  data-css_id=''  data-scroll_down=''  data-control_layout='av-control-default'  data-custom_markup=''  data-perma_caption=''  data-autoplay_stopper=''  data-image_attachment=''  data-min_height='0px'  data-src=''  data-position='top left'  data-repeat='no-repeat'  data-attach='scroll'  data-stretch=''  data-default-height='28.666666666667'  class='avia-slideshow avia-slideshow-2  av-control-default av-default-height-applied avia-slideshow-featured av_slideshow_full   avia-slide-slider '  itemprop=\"image\" itemscope=\"itemscope\" itemtype=\"https:\/\/schema.org\/ImageObject\" ><ul class='avia-slideshow-inner ' style='padding-bottom: 33.489096573209%;' ><li  class=' av-single-slide slide-1 ' ><div data-rel='slideshow-2' class='avia-slide-wrap '   ><img src='https:\/\/specc.com.mx\/wp-content\/uploads\/2020\/07\/slide_1-1.jpg' width='1284' height='430' title='slide_1' alt=''  itemprop=\"thumbnailUrl\"   \/><\/div><\/li><\/ul><\/div><\/div><div id='after_full_slider_2' class='main_color av_default_container_wrap container_wrap sidebar_right' style=' '  ><div class='container' ><div class='template-page content  av-content-small alpha units'><div class='post-entry post-entry-type-page post-entry-113'><div class='entry-content-wrapper clearfix'>\n<div style='height:50px' class='hr hr-invisible   avia-builder-el-7  el_after_av_slideshow_full  el_before_av_three_fifth  avia-builder-el-first '><span class='hr-inner ' ><span class='hr-inner-style'><\/span><\/span><\/div>\n<div class=\"flex_column av_three_fifth  av-animated-generic bottom-to-top  flex_column_div av-zero-column-padding first  avia-builder-el-8  el_after_av_hr  el_before_av_two_fifth  \" style='border-radius:0px; '><p><div style='padding-bottom:10px; font-size:34px;' class='av-special-heading av-special-heading-h3  blockquote modern-quote  avia-builder-el-9  el_before_av_hr  avia-builder-el-first   av-inherit-size '><h3 class='av-special-heading-tag '  itemprop=\"headline\"  >Dispositivos<\/h3><div class='special-heading-border'><div class='special-heading-inner-border' ><\/div><\/div><\/div><br \/>\n<div style='height:50px' class='hr hr-invisible   avia-builder-el-10  el_after_av_heading  el_before_av_textblock '><span class='hr-inner ' ><span class='hr-inner-style'><\/span><\/span><\/div><br \/>\n<section class=\"av_textblock_section \"  itemscope=\"itemscope\" itemtype=\"https:\/\/schema.org\/CreativeWork\" ><div class='avia_textblock  '   itemprop=\"text\" ><p>Tenemos la capacidad de desarrollar dispositivos, utilizando los mejores materiales, maquinaria y equipo:<\/p>\n<p>&gt; Dispositivos para sujeci\u00f3n para medici\u00f3n en <strong>MMC&#8217;s<\/strong><\/p>\n<p>&gt; Dispositivos para el control de <strong>alta presici\u00f3n.<\/strong><\/p>\n<p>&gt; Dispositivos para el\u00a0<strong>control dimensional<\/strong>. (por atributos o variables, manuales o automatizados, inspecci\u00f3n de piezas en l\u00e1mina o inyecci\u00f3n de pl\u00e1stico)<\/p>\n<p>&gt; Dispositivos<strong> Go \/ No Go<\/strong> (Pasa \/ No pasa)<\/p>\n<\/div><\/section><br \/>\n<section class=\"av_textblock_section \"  itemscope=\"itemscope\" itemtype=\"https:\/\/schema.org\/CreativeWork\" ><div class='avia_textblock  '   itemprop=\"text\" ><p>Tienes un proyecto en puerta, programa una cita con nuestros especialistas para que juntos encontremos las mejores soluciones para el logro de tus objetivos.<\/p>\n<\/div><\/section><\/p><\/div>\n<div class=\"flex_column av_two_fifth  av-animated-generic bottom-to-top  flex_column_div av-zero-column-padding   avia-builder-el-13  el_after_av_three_fifth  avia-builder-el-last  \" style='border-radius:0px; '><p><div  class='hr hr-full hr-shadow   avia-builder-el-14  el_before_av_toggle_container  avia-builder-el-first '><span class='hr-inner ' ><span class='hr-inner-style'><\/span><\/span><\/div><br \/>\n<div class=\"togglecontainer   toggle_close_all  avia-builder-el-15  el_after_av_hr  el_before_av_hr \" >\n<section class=\"av_toggle_section\"  itemscope=\"itemscope\" itemtype=\"https:\/\/schema.org\/CreativeWork\"  >    <div class=\"single_toggle\" data-tags=\"{All} \"  >        <p data-fake-id=\"#toggle-id-1\" class=\"toggler activeTitle hasCustomColor av-inherit-font-color  av-inherit-border-color \"  itemprop=\"headline\"  style='background-color: #d8d8d8; color: #161616; border-color: #ffffff; ' >Fixtures<span class=\"toggle_icon\" style='border-color:#161616;'>        <span class=\"vert_icon\"><\/span><span class=\"hor_icon\"><\/span><\/span><\/p>        <div id=\"toggle-id-1-container\" class=\"toggle_wrap active_tc\"  style='display:block;'>            <div class=\"toggle_content invers-color  av-inherit-font-color  av-inherit-border-color \"  itemprop=\"text\"  style='background-color: #d8d8d8; color: #161616; border-color: #ffffff; ' ><p>Los fixtures, se utilizan para ubicar piezas, sujetarlas y sostenerlas; ya sea de manera individual o por unidad para mejorar su precisi\u00f3n y reducir tiempos y costos durante la fabricaci\u00f3n al reducir errores que pudieran surgir durante el proceso.\u00a0\u00a0 Tienen una constituci\u00f3n robusta y con capacidad de fijarse en equipos o maquinaria de producci\u00f3n, utilizandose en \u00e1reas de producci\u00f3n o laboratorios.<\/p>\n            <\/div>        <\/div>    <\/div><\/section>\n<section class=\"av_toggle_section\"  itemscope=\"itemscope\" itemtype=\"https:\/\/schema.org\/CreativeWork\"  >    <div class=\"single_toggle\" data-tags=\"{All} \"  >        <p data-fake-id=\"#toggle-id-2\" class=\"toggler  hasCustomColor av-inherit-font-color  av-inherit-border-color \"  itemprop=\"headline\"  style='background-color: #d8d8d8; color: #161616; border-color: #ffffff; ' >Gauges<span class=\"toggle_icon\" style='border-color:#161616;'>        <span class=\"vert_icon\"><\/span><span class=\"hor_icon\"><\/span><\/span><\/p>        <div id=\"toggle-id-2-container\" class=\"toggle_wrap \"  >            <div class=\"toggle_content invers-color  av-inherit-font-color  av-inherit-border-color \"  itemprop=\"text\"  style='background-color: #d8d8d8; color: #161616; border-color: #ffffff; ' ><p>Los Gauges o Gages, son herramientas de inspecci\u00f3n \u00fatiles para evaluar piezas en comparaci\u00f3n con una especificaci\u00f3n predeterminada.\u00a0 Se usan principalmente, para verificar si un componente se encuentra dentro de las tolerancias determinadas previamente.<\/p>\n            <\/div>        <\/div>    <\/div><\/section>\n<\/div><br \/>\n<div style='height:50px' class='hr hr-invisible   avia-builder-el-16  el_after_av_toggle_container  el_before_av_button '><span class='hr-inner ' ><span class='hr-inner-style'><\/span><\/span><\/div><br \/>\n<div class='avia-button-wrap avia-button-center  avia-builder-el-17  el_after_av_hr  avia-builder-el-last '><a href='https:\/\/specc.com.mx\/index.php\/contacto\/'  class='avia-button   avia-icon_select-yes-left-icon avia-color-custom avia-size-medium avia-position-center '  style='background-color:#231393; border-color:#231393; color:#ffffff; ' ><span class='avia_button_icon avia_button_icon_left ' aria-hidden='true' data-av_icon='\ue835' data-av_iconfont='entypo-fontello'><\/span><span class='avia_iconbox_title' >Solicita una cotizaci\u00f3n<\/span><\/a><\/div><\/p><\/div>\n","protected":false},"excerpt":{"rendered":"","protected":false},"author":2,"featured_media":0,"parent":0,"menu_order":0,"comment_status":"closed","ping_status":"closed","template":"","meta":{"footnotes":""},"class_list":["post-113","page","type-page","status-publish","hentry"],"_links":{"self":[{"href":"https:\/\/specc.com.mx\/index.php\/wp-json\/wp\/v2\/pages\/113","targetHints":{"allow":["GET"]}}],"collection":[{"href":"https:\/\/specc.com.mx\/index.php\/wp-json\/wp\/v2\/pages"}],"about":[{"href":"https:\/\/specc.com.mx\/index.php\/wp-json\/wp\/v2\/types\/page"}],"author":[{"embeddable":true,"href":"https:\/\/specc.com.mx\/index.php\/wp-json\/wp\/v2\/users\/2"}],"replies":[{"embeddable":true,"href":"https:\/\/specc.com.mx\/index.php\/wp-json\/wp\/v2\/comments?post=113"}],"version-history":[{"count":39,"href":"https:\/\/specc.com.mx\/index.php\/wp-json\/wp\/v2\/pages\/113\/revisions"}],"predecessor-version":[{"id":2256,"href":"https:\/\/specc.com.mx\/index.php\/wp-json\/wp\/v2\/pages\/113\/revisions\/2256"}],"wp:attachment":[{"href":"https:\/\/specc.com.mx\/index.php\/wp-json\/wp\/v2\/media?parent=113"}],"curies":[{"name":"wp","href":"https:\/\/api.w.org\/{rel}","templated":true}]}}