{"id":1276,"date":"2019-10-12T23:53:26","date_gmt":"2019-10-12T23:53:26","guid":{"rendered":"https:\/\/www.specc.com.mx\/?page_id=1276"},"modified":"2020-07-14T20:00:55","modified_gmt":"2020-07-14T20:00:55","slug":"servicios-de-metrologia","status":"publish","type":"page","link":"https:\/\/specc.com.mx\/index.php\/servicios\/servicios-de-metrologia\/","title":{"rendered":"Servicios de Metrolog\u00eda"},"content":{"rendered":"<div id='full_slider_1' class='avia-fullwidth-slider main_color avia-shadow   avia-builder-el-0  el_before_av_hr  avia-builder-el-first  container_wrap sidebar_right' style=' '  ><div  data-size='featured'  data-lightbox_size='large'  data-animation='slide'  data-conditional_play=''  data-ids='1725'  data-video_counter='0'  data-autoplay='false'  data-bg_slider='false'  data-slide_height=''  data-handle='av_slideshow_full'  data-interval='5'  data-class=' '  data-css_id=''  data-scroll_down=''  data-control_layout='av-control-default'  data-custom_markup=''  data-perma_caption=''  data-autoplay_stopper=''  data-image_attachment=''  data-min_height='0px'  data-src=''  data-position='top left'  data-repeat='no-repeat'  data-attach='scroll'  data-stretch=''  data-default-height='28.666666666667'  class='avia-slideshow avia-slideshow-1  av-control-default av-default-height-applied avia-slideshow-featured av_slideshow_full   avia-slide-slider '  itemprop=\"image\" itemscope=\"itemscope\" itemtype=\"https:\/\/schema.org\/ImageObject\" ><ul class='avia-slideshow-inner ' style='padding-bottom: 28.666666666667%;' ><li  class=' av-single-slide slide-1 ' ><div data-rel='slideshow-1' class='avia-slide-wrap '   ><img src='https:\/\/specc.com.mx\/wp-content\/uploads\/2020\/07\/slide_2-1500x430.jpg' width='1500' height='430' title='slide_2' alt=''  itemprop=\"thumbnailUrl\"   \/><\/div><\/li><\/ul><\/div><\/div><div id='after_full_slider_1' class='main_color av_default_container_wrap container_wrap sidebar_right' style=' '  ><div class='container' ><div class='template-page content  av-content-small alpha units'><div class='post-entry post-entry-type-page post-entry-1276'><div class='entry-content-wrapper clearfix'>\n<div style='height:50px' class='hr hr-invisible   avia-builder-el-1  el_after_av_slideshow_full  el_before_av_one_full  avia-builder-el-first '><span class='hr-inner ' ><span class='hr-inner-style'><\/span><\/span><\/div>\n<div class=\"flex_column av_one_full  flex_column_div av-zero-column-padding first  avia-builder-el-2  el_after_av_hr  el_before_av_hr  \" style='border-radius:0px; '><div style='padding-bottom:10px; ' class='av-special-heading av-special-heading-h2 custom-color-heading blockquote modern-quote modern-centered  avia-builder-el-3  avia-builder-el-no-sibling   '><h2 class='av-special-heading-tag '  itemprop=\"headline\"  >SERVICIOS METROL\u00d3GICOS<\/h2><div class='special-heading-border'><div class='special-heading-inner-border' ><\/div><\/div><\/div><\/div>\n<div style='height:50px' class='hr hr-invisible   avia-builder-el-4  el_after_av_one_full  el_before_av_one_full '><span class='hr-inner ' ><span class='hr-inner-style'><\/span><\/span><\/div>\n<div class=\"flex_column av_one_full  flex_column_div av-zero-column-padding first  avia-builder-el-5  el_after_av_hr  el_before_av_hr  \" style='border-radius:0px; '><section class=\"av_textblock_section \"  itemscope=\"itemscope\" itemtype=\"https:\/\/schema.org\/CreativeWork\" ><div class='avia_textblock  '   itemprop=\"text\" ><div class=\"justificado\" style=\"box-sizing: border-box; margin: 0px; padding: 0px; border: 0px #ebebeb; font-variant-numeric: inherit; font-variant-east-asian: inherit; font-stretch: inherit; font-size: 15px; line-height: inherit; font-family: 'open sans', HelveticaNeue, 'Helvetica Neue', Helvetica-Neue, Helvetica, Arial, sans-serif; vertical-align: baseline; color: #b0b0b0;\"><span style=\"box-sizing: border-box; margin: 0px; padding: 0px; border: 0px #ebebeb; font: inherit; vertical-align: baseline; color: #808080;\">Contamos con m\u00e1s de 15 a\u00f1os de experiencia en el \u00e1rea de metrolog\u00eda Industrial, teniendo los siguientes servicios:<\/span><\/div>\n<p class=\"justificado\" style=\"box-sizing: border-box; margin: 0px; padding: 0px; border: 0px #ebebeb; font-variant-numeric: inherit; font-variant-east-asian: inherit; font-stretch: inherit; font-size: 15px; line-height: inherit; font-family: 'open sans', HelveticaNeue, 'Helvetica Neue', Helvetica-Neue, Helvetica, Arial, sans-serif; vertical-align: baseline; color: #b0b0b0;\"><span style=\"color: #808080;\">\u00a0<\/span><\/p>\n<ul>\n<li style=\"box-sizing: border-box; border: 0px #ebebeb; font-variant-numeric: inherit; font-variant-east-asian: inherit; font-stretch: inherit; font-size: 15px; line-height: inherit; font-family: 'open sans', HelveticaNeue, 'Helvetica Neue', Helvetica-Neue, Helvetica, Arial, sans-serif; vertical-align: baseline; color: #b0b0b0;\"><span style=\"box-sizing: border-box; margin: 0px; padding: 0px; border: 0px #ebebeb; font: inherit; vertical-align: baseline; color: #808080;\">Servicio T\u00e9cnico de equipos de Medici\u00f3n.<\/span><\/li>\n<li style=\"box-sizing: border-box; border: 0px #ebebeb; font-variant-numeric: inherit; font-variant-east-asian: inherit; font-stretch: inherit; font-size: 15px; line-height: inherit; font-family: 'open sans', HelveticaNeue, 'Helvetica Neue', Helvetica-Neue, Helvetica, Arial, sans-serif; vertical-align: baseline; color: #b0b0b0;\"><span style=\"box-sizing: border-box; margin: 0px; padding: 0px; border: 0px #ebebeb; font: inherit; vertical-align: baseline; color: #808080;\">Diagn\u00f3stico y verificaci\u00f3n de equipos.<\/span><\/li>\n<li style=\"box-sizing: border-box; border: 0px #ebebeb; font-variant-numeric: inherit; font-variant-east-asian: inherit; font-stretch: inherit; font-size: 15px; line-height: inherit; font-family: 'open sans', HelveticaNeue, 'Helvetica Neue', Helvetica-Neue, Helvetica, Arial, sans-serif; vertical-align: baseline; color: #b0b0b0;\"><span style=\"color: #808080;\">\u00a0<span style=\"box-sizing: border-box; margin: 0px; padding: 0px; border: 0px #ebebeb; font: inherit; vertical-align: baseline;\">Servicio de Medici\u00f3n en Laboratorio certificado.<\/span><\/span><\/li>\n<li class=\"justificado\" style=\"box-sizing: border-box; border: 0px #ebebeb; font-variant-numeric: inherit; font-variant-east-asian: inherit; font-stretch: inherit; font-size: 15px; line-height: inherit; font-family: 'open sans', HelveticaNeue, 'Helvetica Neue', Helvetica-Neue, Helvetica, Arial, sans-serif; vertical-align: baseline; color: #b0b0b0;\"><span style=\"box-sizing: border-box; margin: 0px; padding: 0px; border: 0px #ebebeb; font: inherit; vertical-align: baseline; color: #808080;\">Calibraci\u00f3n de instrumentos y patrones.<\/span><\/li>\n<li class=\"justificado\" style=\"box-sizing: border-box; border: 0px #ebebeb; font-variant-numeric: inherit; font-variant-east-asian: inherit; font-stretch: inherit; font-size: 15px; line-height: inherit; font-family: 'open sans', HelveticaNeue, 'Helvetica Neue', Helvetica-Neue, Helvetica, Arial, sans-serif; vertical-align: baseline; color: #b0b0b0;\"><span style=\"box-sizing: border-box; margin: 0px; padding: 0px; border: 0px #ebebeb; font: inherit; vertical-align: baseline; color: #808080;\">Certificaci\u00f3n y desarrollo de materiales de referencia.<\/span><\/li>\n<li class=\"justificado\" style=\"box-sizing: border-box; border: 0px #ebebeb; font-variant-numeric: inherit; font-variant-east-asian: inherit; font-stretch: inherit; font-size: 15px; line-height: inherit; font-family: 'open sans', HelveticaNeue, 'Helvetica Neue', Helvetica-Neue, Helvetica, Arial, sans-serif; vertical-align: baseline; color: #b0b0b0;\"><span style=\"box-sizing: border-box; margin: 0px; padding: 0px; border: 0px #ebebeb; font: inherit; vertical-align: baseline; color: #808080;\">Cursos especializados en metrolog\u00eda<\/span><\/li>\n<li class=\"justificado\" style=\"box-sizing: border-box; border: 0px #ebebeb; font-variant-numeric: inherit; font-variant-east-asian: inherit; font-stretch: inherit; font-size: 15px; line-height: inherit; font-family: 'open sans', HelveticaNeue, 'Helvetica Neue', Helvetica-Neue, Helvetica, Arial, sans-serif; vertical-align: baseline; color: #b0b0b0;\"><span style=\"box-sizing: border-box; margin: 0px; padding: 0px; border: 0px #ebebeb; font: inherit; vertical-align: baseline; color: #808080;\">Ensayos de aptitud y asesor\u00edas<\/span><\/li>\n<\/ul>\n<div><\/div>\n<div><\/div>\n<div class=\"justificado\" style=\"box-sizing: border-box; margin: 0px; padding: 0px; border: 0px #ebebeb; font-variant-numeric: inherit; font-variant-east-asian: inherit; font-stretch: inherit; font-size: 15px; line-height: inherit; font-family: 'open sans', HelveticaNeue, 'Helvetica Neue', Helvetica-Neue, Helvetica, Arial, sans-serif; vertical-align: baseline; color: #b0b0b0;\"><\/div>\n<\/div><\/section><\/div>\n<div style='height:50px' class='hr hr-invisible   avia-builder-el-7  el_after_av_one_full  el_before_av_slideshow '><span class='hr-inner ' ><span class='hr-inner-style'><\/span><\/span><\/div>\n<div  data-size='featured'  data-lightbox_size='large'  data-animation='slide'  data-conditional_play=''  data-ids='2130'  data-video_counter='0'  data-autoplay='false'  data-bg_slider='false'  data-slide_height=''  data-handle='av_slideshow'  data-interval='5'  data-class=' avia-builder-el-8  el_after_av_hr  el_before_av_hr  '  data-css_id=''  data-scroll_down=''  data-control_layout='av-control-default'  data-custom_markup=''  data-perma_caption=''  data-autoplay_stopper=''  data-image_attachment=''  data-min_height='0px'  data-default-height='28.666666666667'  class='avia-slideshow avia-slideshow-2  av-control-default av-default-height-applied avia-slideshow-featured av_slideshow  avia-builder-el-8  el_after_av_hr  el_before_av_hr   avia-slide-slider '  itemprop=\"image\" itemscope=\"itemscope\" itemtype=\"https:\/\/schema.org\/ImageObject\" ><ul class='avia-slideshow-inner ' style='padding-bottom: 34.208432776452%;' ><li  class=' av-single-slide slide-1 ' ><div data-rel='slideshow-2' class='avia-slide-wrap '   ><img src='https:\/\/specc.com.mx\/wp-content\/uploads\/2020\/07\/medicionbrazo.png' width='1257' height='430' title='medicionbrazo' alt=''  itemprop=\"thumbnailUrl\"   \/><\/div><\/li><\/ul><\/div>\n<div  class='hr hr-default   avia-builder-el-9  el_after_av_slideshow  el_before_av_one_full '><span class='hr-inner ' ><span class='hr-inner-style'><\/span><\/span><\/div>\n<div class=\"flex_column av_one_full  flex_column_div av-zero-column-padding first  avia-builder-el-10  el_after_av_hr  el_before_av_one_full  \" style='border-radius:0px; '><div style='padding-bottom:10px; font-size:34px;' class='av-special-heading av-special-heading-h3  blockquote modern-quote  avia-builder-el-11  avia-builder-el-no-sibling   av-inherit-size '><h3 class='av-special-heading-tag '  itemprop=\"headline\"  >Precisi\u00f3n<\/h3><div class='special-heading-border'><div class='special-heading-inner-border' ><\/div><\/div><\/div><\/div><div class=\"flex_column av_one_full  flex_column_div av-zero-column-padding first  avia-builder-el-12  el_after_av_one_full  el_before_av_hr  column-top-margin\" style='border-radius:0px; '><section class=\"av_textblock_section \"  itemscope=\"itemscope\" itemtype=\"https:\/\/schema.org\/CreativeWork\" ><div class='avia_textblock  '   itemprop=\"text\" ><p><span style=\"color: #000000;\">Laboratorios certificados para asegurar la precisi\u00f3n de las mediciones.\u00a0 Nuestros t\u00e9cnicos est\u00e1n especializados en el mantenimiento y calibraci\u00f3n de equipos de metrolog\u00eda que aseguran que tus equipos se encuentren en \u00f3ptimas condiciones.\u00a0<\/span><\/p>\n<\/div><\/section><\/div><div style='height:50px' class='hr hr-invisible   avia-builder-el-14  el_after_av_one_full  el_before_av_one_third '><span class='hr-inner ' ><span class='hr-inner-style'><\/span><\/span><\/div><\/p>\n<div class=\"flex_column av_one_third  flex_column_div av-zero-column-padding first  avia-builder-el-15  el_after_av_hr  el_before_av_one_third  \" style='border-radius:0px; '><div class='avia-image-container  av-styling-    avia-builder-el-16  avia-builder-el-no-sibling  avia-align-center '  itemprop=\"image\" itemscope=\"itemscope\" itemtype=\"https:\/\/schema.org\/ImageObject\"  ><div class='avia-image-container-inner'><div class='avia-image-overlay-wrap'><img class='avia_image' src='https:\/\/specc.com.mx\/wp-content\/uploads\/2020\/07\/slider_1068312842-300x200.jpg' alt='' title='slider_1068312842' height=\"200\" width=\"300\"  itemprop=\"thumbnailUrl\"  \/><\/div><\/div><\/div><\/div>\n<div class=\"flex_column av_one_third  flex_column_div av-zero-column-padding   avia-builder-el-17  el_after_av_one_third  el_before_av_one_third  \" style='border-radius:0px; '><div class='avia-image-container  av-styling-    avia-builder-el-18  avia-builder-el-no-sibling  avia-align-center '  itemprop=\"image\" itemscope=\"itemscope\" itemtype=\"https:\/\/schema.org\/ImageObject\"  ><div class='avia-image-container-inner'><div class='avia-image-overlay-wrap'><img class='avia_image' src='https:\/\/specc.com.mx\/wp-content\/uploads\/2020\/07\/2-1-300x300.jpg' alt='' title='2-1' height=\"300\" width=\"300\"  itemprop=\"thumbnailUrl\"  \/><\/div><\/div><\/div><\/div>\n<div class=\"flex_column av_one_third  flex_column_div av-zero-column-padding   avia-builder-el-19  el_after_av_one_third  el_before_av_one_full  \" style='border-radius:0px; '><div class='avia-image-container  av-styling-    avia-builder-el-20  avia-builder-el-no-sibling  avia-align-center '  itemprop=\"image\" itemscope=\"itemscope\" itemtype=\"https:\/\/schema.org\/ImageObject\"  ><div class='avia-image-container-inner'><div class='avia-image-overlay-wrap'><img class='avia_image' src='https:\/\/specc.com.mx\/wp-content\/uploads\/2020\/07\/pro_1-300x300.jpg' alt='' title='pro_1' height=\"300\" width=\"300\"  itemprop=\"thumbnailUrl\"  \/><\/div><\/div><\/div><\/div>\n<div class=\"flex_column av_one_full  flex_column_div av-zero-column-padding first  avia-builder-el-21  el_after_av_one_third  el_before_av_hr  column-top-margin\" style='border-radius:0px; '><p><div class='avia-image-container  av-styling-    avia-builder-el-22  el_before_av_button  avia-builder-el-first  avia-align-center '  itemprop=\"image\" itemscope=\"itemscope\" itemtype=\"https:\/\/schema.org\/ImageObject\"  ><div class='avia-image-container-inner'><div class='avia-image-overlay-wrap'><img class='avia_image' src='https:\/\/www.specc.com.mx\/wp-content\/uploads\/2019\/10\/slider_1068312842-300x200.jpg' alt='' title=''   itemprop=\"thumbnailUrl\"  \/><\/div><\/div><\/div><br \/>\n<div class='avia-button-wrap avia-button-center  avia-builder-el-23  el_after_av_image  avia-builder-el-last '><a href='https:\/\/specc.com.mx\/index.php\/contacto\/'  class='avia-button   avia-icon_select-yes-left-icon avia-color-custom avia-size-medium avia-position-center '  style='background-color:#231393; border-color:#231393; color:#ffffff; ' ><span class='avia_button_icon avia_button_icon_left ' aria-hidden='true' data-av_icon='\ue835' data-av_iconfont='entypo-fontello'><\/span><span class='avia_iconbox_title' >Solicita una Cotizaci\u00f3n <\/span><\/a><\/div><\/p><\/div>\n<div style='height:50px' class='hr hr-invisible   avia-builder-el-24  el_after_av_one_full  avia-builder-el-last '><span class='hr-inner ' ><span class='hr-inner-style'><\/span><\/span><\/div>\n","protected":false},"excerpt":{"rendered":"","protected":false},"author":2,"featured_media":0,"parent":961,"menu_order":0,"comment_status":"closed","ping_status":"closed","template":"","meta":{"footnotes":""},"class_list":["post-1276","page","type-page","status-publish","hentry"],"_links":{"self":[{"href":"https:\/\/specc.com.mx\/index.php\/wp-json\/wp\/v2\/pages\/1276","targetHints":{"allow":["GET"]}}],"collection":[{"href":"https:\/\/specc.com.mx\/index.php\/wp-json\/wp\/v2\/pages"}],"about":[{"href":"https:\/\/specc.com.mx\/index.php\/wp-json\/wp\/v2\/types\/page"}],"author":[{"embeddable":true,"href":"https:\/\/specc.com.mx\/index.php\/wp-json\/wp\/v2\/users\/2"}],"replies":[{"embeddable":true,"href":"https:\/\/specc.com.mx\/index.php\/wp-json\/wp\/v2\/comments?post=1276"}],"version-history":[{"count":8,"href":"https:\/\/specc.com.mx\/index.php\/wp-json\/wp\/v2\/pages\/1276\/revisions"}],"predecessor-version":[{"id":2127,"href":"https:\/\/specc.com.mx\/index.php\/wp-json\/wp\/v2\/pages\/1276\/revisions\/2127"}],"up":[{"embeddable":true,"href":"https:\/\/specc.com.mx\/index.php\/wp-json\/wp\/v2\/pages\/961"}],"wp:attachment":[{"href":"https:\/\/specc.com.mx\/index.php\/wp-json\/wp\/v2\/media?parent=1276"}],"curies":[{"name":"wp","href":"https:\/\/api.w.org\/{rel}","templated":true}]}}