{"id":1291,"date":"2019-10-13T00:39:23","date_gmt":"2019-10-13T00:39:23","guid":{"rendered":"https:\/\/www.specc.com.mx\/?page_id=1291"},"modified":"2020-07-14T19:21:20","modified_gmt":"2020-07-14T19:21:20","slug":"holding-fixtures","status":"publish","type":"page","link":"https:\/\/specc.com.mx\/index.php\/productos\/holding-fixtures\/","title":{"rendered":"Holding Fixtures"},"content":{"rendered":"<div id='full_slider_1' class='avia-fullwidth-slider main_color avia-shadow   avia-builder-el-0  el_before_av_one_full  avia-builder-el-first  container_wrap sidebar_right' style=' '  ><div  data-size='featured'  data-lightbox_size='large'  data-animation='slide'  data-conditional_play=''  data-ids='1728'  data-video_counter='0'  data-autoplay='false'  data-bg_slider='false'  data-slide_height=''  data-handle='av_slideshow_full'  data-interval='5'  data-class=' '  data-css_id=''  data-scroll_down=''  data-control_layout='av-control-default'  data-custom_markup=''  data-perma_caption=''  data-autoplay_stopper=''  data-image_attachment=''  data-min_height='0px'  data-src=''  data-position='top left'  data-repeat='no-repeat'  data-attach='scroll'  data-stretch=''  data-default-height='28.666666666667'  class='avia-slideshow avia-slideshow-1  av-control-default av-default-height-applied avia-slideshow-featured av_slideshow_full   avia-slide-slider '  itemprop=\"image\" itemscope=\"itemscope\" itemtype=\"https:\/\/schema.org\/ImageObject\" ><ul class='avia-slideshow-inner ' style='padding-bottom: 28.666666666667%;' ><li  class=' av-single-slide slide-1 ' ><div data-rel='slideshow-1' class='avia-slide-wrap '   ><img src='https:\/\/specc.com.mx\/wp-content\/uploads\/2020\/07\/slide_HF-1500x430.jpg' width='1500' height='430' title='slide_HF' alt=''  itemprop=\"thumbnailUrl\"   \/><\/div><\/li><\/ul><\/div><\/div><div id='after_full_slider_1' class='main_color av_default_container_wrap container_wrap sidebar_right' style=' '  ><div class='container' ><div class='template-page content  av-content-small alpha units'><div class='post-entry post-entry-type-page post-entry-1291'><div class='entry-content-wrapper clearfix'>\n<div class=\"flex_column av_one_full  flex_column_div av-zero-column-padding first  avia-builder-el-1  el_after_av_slideshow_full  el_before_av_one_full  avia-builder-el-first  \" style='border-radius:0px; '><div style='padding-bottom:10px; ' class='av-special-heading av-special-heading-h2  blockquote modern-quote modern-centered  avia-builder-el-2  avia-builder-el-no-sibling   '><h2 class='av-special-heading-tag '  itemprop=\"headline\"  >HOLDING FIXTURES (HF\u2019S)<\/h2><div class='special-heading-border'><div class='special-heading-inner-border' ><\/div><\/div><\/div><\/div>\n<div class=\"flex_column av_one_full  flex_column_div av-zero-column-padding first  avia-builder-el-3  el_after_av_one_full  el_before_av_one_half  column-top-margin\" style='border-radius:0px; '><section class=\"av_textblock_section \"  itemscope=\"itemscope\" itemtype=\"https:\/\/schema.org\/CreativeWork\" ><div class='avia_textblock  '   itemprop=\"text\" ><p style=\"box-sizing: border-box; margin: 0.85em 0px; padding: 0px; border: 0px #ebebeb; font-variant-numeric: inherit; font-variant-east-asian: inherit; font-stretch: inherit; font-size: 15px; line-height: inherit; font-family: 'open sans', HelveticaNeue, 'Helvetica Neue', Helvetica-Neue, Helvetica, Arial, sans-serif; vertical-align: baseline; color: #b0b0b0;\"><span style=\"box-sizing: border-box; margin: 0px; padding: 0px; border: 0px #ebebeb; font: inherit; vertical-align: baseline; color: #000000;\">Son dispositivos que se utilizan para la fijaci\u00f3n de piezas, asegurando \u00a0una posici\u00f3n id\u00e9ntica o fijaci\u00f3n constante cada vez que se coloca nuevamente, minimizando los errores humanos que se pudieran producir. \u00a0<\/span><\/p>\n<p style=\"box-sizing: border-box; margin: 0.85em 0px; padding: 0px; border: 0px #ebebeb; font-variant-numeric: inherit; font-variant-east-asian: inherit; font-stretch: inherit; font-size: 15px; line-height: inherit; font-family: 'open sans', HelveticaNeue, 'Helvetica Neue', Helvetica-Neue, Helvetica, Arial, sans-serif; vertical-align: baseline; color: #b0b0b0;\"><span style=\"box-sizing: border-box; margin: 0px; padding: 0px; border: 0px #ebebeb; font: inherit; vertical-align: baseline; color: #000000;\">Dise\u00f1ados\u00a0generalmente para trabajar en CMM&#8217;s (M\u00e1quinas de Medici\u00f3n por Coordenadas), logrando que el posicionamiento y la alineaci\u00f3n de piezas sea m\u00e1s \u00e1gil al estar evaluando piezas continuamente, con el beneficio de tener \u00a0acceso completo a las mismas, lo que significa ahorro en tiempo y costos.<\/span><\/p>\n<\/div><\/section><\/div>\n<div class=\"flex_column av_one_half  flex_column_div av-zero-column-padding first  avia-builder-el-5  el_after_av_one_full  el_before_av_one_third  column-top-margin\" style='border-radius:0px; '><p><div style='height:50px' class='hr hr-invisible   avia-builder-el-6  el_before_av_textblock  avia-builder-el-first '><span class='hr-inner ' ><span class='hr-inner-style'><\/span><\/span><\/div><br \/>\n<section class=\"av_textblock_section \"  itemscope=\"itemscope\" itemtype=\"https:\/\/schema.org\/CreativeWork\" ><div class='avia_textblock  '   itemprop=\"text\" ><p style=\"box-sizing: border-box; margin: 0.85em 0px; padding: 0px; border: 0px #ebebeb; font-variant-numeric: inherit; font-variant-east-asian: inherit; font-stretch: inherit; font-size: 15px; line-height: inherit; font-family: 'open sans', HelveticaNeue, 'Helvetica Neue', Helvetica-Neue, Helvetica, Arial, sans-serif; vertical-align: baseline; color: #b0b0b0;\"><strong style=\"box-sizing: border-box; margin: 0px; padding: 0px; border: 0px #ebebeb; font-variant-numeric: inherit; font-variant-east-asian: inherit; font-stretch: inherit; line-height: inherit; vertical-align: baseline; color: #000000;\">HF\u2019s\u00a0<\/strong><span style=\"color: #000000;\">\u00a0que aseguran una referencia de los datums de las piezas en el mismo dispositivo (piezas flexibles como estampados, pl\u00e1sticos, espumantes), estos requieren tener elementos de alineaci\u00f3n entre el HF y las piezas, como esferas o cilindros cuyas coordenadas est\u00e9n calibradas al fabricar y liberar el dispositivo, ya que el dispositivo en si es un generador de incertridumbre para la evaluaci\u00f3n metrol\u00f3gica.<\/span><\/p>\n<\/div><\/section><\/p><\/div>\n<div class=\"flex_column av_one_third  flex_column_div av-zero-column-padding   avia-builder-el-8  el_after_av_one_half  el_before_av_hr  column-top-margin\" style='border-radius:0px; '><p><div style='height:50px' class='hr hr-invisible   avia-builder-el-9  el_before_av_image  avia-builder-el-first '><span class='hr-inner ' ><span class='hr-inner-style'><\/span><\/span><\/div><br \/>\n<div class='avia-image-container  av-styling-    avia-builder-el-10  el_after_av_hr  el_before_av_image  avia-align-center '  itemprop=\"image\" itemscope=\"itemscope\" itemtype=\"https:\/\/schema.org\/ImageObject\"  ><div class='avia-image-container-inner'><div class='avia-image-overlay-wrap'><img class='avia_image' src='https:\/\/specc.com.mx\/wp-content\/uploads\/2020\/07\/hf_3-300x300.jpg' alt='' title='hf_3' height=\"300\" width=\"300\"  itemprop=\"thumbnailUrl\"  \/><\/div><\/div><\/div><br \/>\n<div class='avia-image-container  av-styling-    avia-builder-el-11  el_after_av_image  avia-builder-el-last  avia-align-center '  itemprop=\"image\" itemscope=\"itemscope\" itemtype=\"https:\/\/schema.org\/ImageObject\"  ><div class='avia-image-container-inner'><div class='avia-image-overlay-wrap'><img class='avia_image' src='https:\/\/www.specc.com.mx\/wp-content\/uploads\/2019\/01\/c14ce7f2-87d5-4d84-bb82-a4552facd019-300x225.jpg' alt='' title=''   itemprop=\"thumbnailUrl\"  \/><\/div><\/div><\/div><\/p><\/div>\n<div style='height:50px' class='hr hr-invisible   avia-builder-el-12  el_after_av_one_third  el_before_av_one_full '><span class='hr-inner ' ><span class='hr-inner-style'><\/span><\/span><\/div>\n<div class=\"flex_column av_one_full  flex_column_div av-zero-column-padding first  avia-builder-el-13  el_after_av_hr  el_before_av_hr  \" style='border-radius:0px; '><section class=\"av_textblock_section \"  itemscope=\"itemscope\" itemtype=\"https:\/\/schema.org\/CreativeWork\" ><div class='avia_textblock  '   itemprop=\"text\" ><p style=\"box-sizing: border-box; margin: 0.85em 0px; padding: 0px; border: 0px #ebebeb; font-variant-numeric: inherit; font-variant-east-asian: inherit; font-stretch: inherit; font-size: 15px; line-height: inherit; font-family: 'open sans', HelveticaNeue, 'Helvetica Neue', Helvetica-Neue, Helvetica, Arial, sans-serif; vertical-align: baseline; color: #b0b0b0;\"><strong style=\"box-sizing: border-box; margin: 0px; padding: 0px; border: 0px #ebebeb; font-variant-numeric: inherit; font-variant-east-asian: inherit; font-stretch: inherit; line-height: inherit; vertical-align: baseline; color: #000000;\">HF\u2019s<\/strong><span style=\"color: #000000;\">\u00a0que solo requieren fijar la pieza asegurando la posici\u00f3n, pero sin requerir referencias entre pieza y dispositivo debido a que \u00e9stas se eval\u00faan y se toman de la misma pieza (piezas suficientemente rigidas para que sean evaluadas al 100% por la CMM sin que el HF sea un factor de incremento de incertidumbre).<\/span><\/p>\n<\/div><\/section><\/div>\n<div style='height:50px' class='hr hr-invisible   avia-builder-el-15  el_after_av_one_full  el_before_av_hr '><span class='hr-inner ' ><span class='hr-inner-style'><\/span><\/span><\/div>\n<div style='height:50px' class='hr hr-invisible   avia-builder-el-16  el_after_av_hr  avia-builder-el-last '><span class='hr-inner ' ><span class='hr-inner-style'><\/span><\/span><\/div>\n","protected":false},"excerpt":{"rendered":"","protected":false},"author":2,"featured_media":0,"parent":113,"menu_order":0,"comment_status":"closed","ping_status":"closed","template":"","meta":{"footnotes":""},"class_list":["post-1291","page","type-page","status-publish","hentry"],"_links":{"self":[{"href":"https:\/\/specc.com.mx\/index.php\/wp-json\/wp\/v2\/pages\/1291","targetHints":{"allow":["GET"]}}],"collection":[{"href":"https:\/\/specc.com.mx\/index.php\/wp-json\/wp\/v2\/pages"}],"about":[{"href":"https:\/\/specc.com.mx\/index.php\/wp-json\/wp\/v2\/types\/page"}],"author":[{"embeddable":true,"href":"https:\/\/specc.com.mx\/index.php\/wp-json\/wp\/v2\/users\/2"}],"replies":[{"embeddable":true,"href":"https:\/\/specc.com.mx\/index.php\/wp-json\/wp\/v2\/comments?post=1291"}],"version-history":[{"count":26,"href":"https:\/\/specc.com.mx\/index.php\/wp-json\/wp\/v2\/pages\/1291\/revisions"}],"predecessor-version":[{"id":2183,"href":"https:\/\/specc.com.mx\/index.php\/wp-json\/wp\/v2\/pages\/1291\/revisions\/2183"}],"up":[{"embeddable":true,"href":"https:\/\/specc.com.mx\/index.php\/wp-json\/wp\/v2\/pages\/113"}],"wp:attachment":[{"href":"https:\/\/specc.com.mx\/index.php\/wp-json\/wp\/v2\/media?parent=1291"}],"curies":[{"name":"wp","href":"https:\/\/api.w.org\/{rel}","templated":true}]}}