{"id":1312,"date":"2019-10-13T01:28:06","date_gmt":"2019-10-13T06:28:06","guid":{"rendered":"https:\/\/www.specc.com.mx\/?page_id=1312"},"modified":"2020-07-14T19:16:52","modified_gmt":"2020-07-14T19:16:52","slug":"checking-fixtures","status":"publish","type":"page","link":"https:\/\/specc.com.mx\/index.php\/productos\/checking-fixtures\/","title":{"rendered":"Checking Fixtures"},"content":{"rendered":"<div id='full_slider_1' class='avia-fullwidth-slider main_color avia-shadow   avia-builder-el-0  el_before_av_one_full  avia-builder-el-first  container_wrap sidebar_right' style=' '  ><div  data-size='featured'  data-lightbox_size='large'  data-animation='slide'  data-conditional_play=''  data-ids='1661'  data-video_counter='0'  data-autoplay='false'  data-bg_slider='false'  data-slide_height=''  data-handle='av_slideshow_full'  data-interval='5'  data-class=' '  data-css_id=''  data-scroll_down=''  data-control_layout='av-control-default'  data-custom_markup=''  data-perma_caption=''  data-autoplay_stopper=''  data-image_attachment=''  data-min_height='0px'  data-src=''  data-position='top left'  data-repeat='no-repeat'  data-attach='scroll'  data-stretch=''  data-default-height='28.666666666667'  class='avia-slideshow avia-slideshow-1  av-control-default av-default-height-applied avia-slideshow-featured av_slideshow_full   avia-slide-slider '  itemprop=\"image\" itemscope=\"itemscope\" itemtype=\"https:\/\/schema.org\/ImageObject\" ><ul class='avia-slideshow-inner ' style='padding-bottom: 28.666666666667%;' ><li  class=' av-single-slide slide-1 ' ><div data-rel='slideshow-1' class='avia-slide-wrap '   ><img src='https:\/\/specc.com.mx\/wp-content\/uploads\/2020\/07\/slide_12345678-1500x430.png' width='1500' height='430' title='slide_12345678' alt=''  itemprop=\"thumbnailUrl\"   \/><\/div><\/li><\/ul><\/div><\/div><div id='after_full_slider_1' class='main_color av_default_container_wrap container_wrap sidebar_right' style=' '  ><div class='container' ><div class='template-page content  av-content-small alpha units'><div class='post-entry post-entry-type-page post-entry-1312'><div class='entry-content-wrapper clearfix'>\n<div class=\"flex_column av_one_full  flex_column_div av-zero-column-padding first  avia-builder-el-1  el_after_av_slideshow_full  el_before_av_three_fourth  avia-builder-el-first  \" style='border-radius:0px; '><div style='padding-bottom:10px; ' class='av-special-heading av-special-heading-h2  blockquote modern-quote modern-centered  avia-builder-el-2  avia-builder-el-no-sibling   '><h2 class='av-special-heading-tag '  itemprop=\"headline\"  >CHECKING FIXTURES<\/h2><div class='special-heading-border'><div class='special-heading-inner-border' ><\/div><\/div><\/div><\/div>\n<div class=\"flex_column av_three_fourth  flex_column_div av-zero-column-padding first  avia-builder-el-3  el_after_av_one_full  el_before_av_one_fourth  column-top-margin\" style='border-radius:0px; '><p><div style='height:50px' class='hr hr-invisible   avia-builder-el-4  el_before_av_textblock  avia-builder-el-first '><span class='hr-inner ' ><span class='hr-inner-style'><\/span><\/span><\/div><br \/>\n<section class=\"av_textblock_section \"  itemscope=\"itemscope\" itemtype=\"https:\/\/schema.org\/CreativeWork\" ><div class='avia_textblock  '   itemprop=\"text\" ><p style=\"text-align: left;\">Los Checking Fixtures son dispositivos para la evaluaci\u00f3n r\u00e1pida que generalmente es utilizado en la l\u00ednea de producci\u00f3n.\u00a0 Estos dispositivos pueden ser por:<\/p>\n<p style=\"text-align: left;\"><strong>&gt; ATRIBUTOS:<\/strong>\u00a0 \u00a0<em>GO\/NO GO (Pasa \/ No Pasa).<\/em><\/p>\n<p style=\"text-align: left;\"><strong>&gt; VARIABLES:<\/strong>\u00a0 <em>Entrega un valor num\u00e9rico que indica una tendencia.<\/em><\/p>\n<p>Esto permite tomar decisiones \u00e1giles y realizar ajustes sin necesidad de llevar a cabo una log\u00edstica grande del producto al trasladarlos hasta un laboratorio de metrolog\u00eda, por ejemplo.<\/p>\n<\/div><\/section><\/p><\/div>\n<div class=\"flex_column av_one_fourth  flex_column_div av-zero-column-padding   avia-builder-el-6  el_after_av_three_fourth  el_before_av_one_fourth  column-top-margin\" style='border-radius:0px; '><div class='avia-image-container  av-styling-    avia-builder-el-7  avia-builder-el-no-sibling  avia-align-center '  itemprop=\"image\" itemscope=\"itemscope\" itemtype=\"https:\/\/schema.org\/ImageObject\"  ><div class='avia-image-container-inner'><div class='avia-image-overlay-wrap'><img class='avia_image' src='https:\/\/specc.com.mx\/wp-content\/uploads\/2020\/07\/pro_5-300x300.jpg' alt='' title='pro_5' height=\"300\" width=\"300\"  itemprop=\"thumbnailUrl\"  \/><\/div><\/div><\/div><\/div>\n<div class=\"flex_column av_one_fourth  flex_column_div av-zero-column-padding first  avia-builder-el-8  el_after_av_one_fourth  el_before_av_three_fifth  column-top-margin\" style='border-radius:0px; '><p><div style='height:50px' class='hr hr-invisible   avia-builder-el-9  el_before_av_image  avia-builder-el-first '><span class='hr-inner ' ><span class='hr-inner-style'><\/span><\/span><\/div><br \/>\n<div class='avia-image-container  av-styling-    avia-builder-el-10  el_after_av_hr  avia-builder-el-last  avia-align-center '  itemprop=\"image\" itemscope=\"itemscope\" itemtype=\"https:\/\/schema.org\/ImageObject\"  ><div class='avia-image-container-inner'><div class='avia-image-overlay-wrap'><img class='avia_image' src='https:\/\/specc.com.mx\/wp-content\/uploads\/2020\/07\/ca8eaf64-d88f-4003-891a-044f9cc2c29b.jpg' alt='' title='ca8eaf64-d88f-4003-891a-044f9cc2c29b' height=\"1024\" width=\"768\"  itemprop=\"thumbnailUrl\"  \/><\/div><\/div><\/div><\/p><\/div><div class=\"flex_column av_three_fifth  flex_column_div av-zero-column-padding   avia-builder-el-11  el_after_av_one_fourth  el_before_av_hr  column-top-margin\" style='border-radius:0px; '><p><div style='height:50px' class='hr hr-invisible   avia-builder-el-12  el_before_av_textblock  avia-builder-el-first '><span class='hr-inner ' ><span class='hr-inner-style'><\/span><\/span><\/div><br \/>\n<section class=\"av_textblock_section \"  itemscope=\"itemscope\" itemtype=\"https:\/\/schema.org\/CreativeWork\" ><div class='avia_textblock  '   itemprop=\"text\" ><p>Estos dispositivos se dise\u00f1an idealmente partiendo de una hoja de control en la l\u00ednea de producci\u00f3n, identificando en cada operaci\u00f3n o grupo de ellas, las caracter\u00edsticas a evaluar por el dispositivo utilizando diferentes herramientas como:<\/p>\n<\/div><\/section><br \/>\n<section class=\"av_textblock_section \"  itemscope=\"itemscope\" itemtype=\"https:\/\/schema.org\/CreativeWork\" ><div class='avia_textblock  '   itemprop=\"text\" ><blockquote>\n<p><em><strong>Gauges de Forma<\/strong><\/em><\/p>\n<p><em><strong>Gauges Go \/ No Go<\/strong><\/em><\/p>\n<p><em><strong>Gauges de Perfil<\/strong><\/em><\/p>\n<\/blockquote>\n<\/div><\/section><br \/>\n<section class=\"av_textblock_section \"  itemscope=\"itemscope\" itemtype=\"https:\/\/schema.org\/CreativeWork\" ><div class='avia_textblock  '   itemprop=\"text\" ><p>As\u00ed mismo se utilizan indicadores de car\u00e1tula o digitales montados en un herramental que permita su manejo r\u00e1pido y sencillo haci\u00e9ndolo\u00a0 m\u00e1s eficiente.<\/p>\n<\/div><\/section><\/p><\/div><\/p>\n<div style='height:50px' class='hr hr-invisible   avia-builder-el-16  el_after_av_three_fifth  el_before_av_hr '><span class='hr-inner ' ><span class='hr-inner-style'><\/span><\/span><\/div>\n<div style='height:50px' class='hr hr-invisible   avia-builder-el-17  el_after_av_hr  el_before_av_hr '><span class='hr-inner ' ><span class='hr-inner-style'><\/span><\/span><\/div>\n<div style='height:50px' class='hr hr-invisible   avia-builder-el-18  el_after_av_hr  avia-builder-el-last '><span class='hr-inner ' ><span class='hr-inner-style'><\/span><\/span><\/div>\n","protected":false},"excerpt":{"rendered":"","protected":false},"author":2,"featured_media":0,"parent":113,"menu_order":0,"comment_status":"closed","ping_status":"closed","template":"","meta":{"footnotes":""},"class_list":["post-1312","page","type-page","status-publish","hentry"],"_links":{"self":[{"href":"https:\/\/specc.com.mx\/index.php\/wp-json\/wp\/v2\/pages\/1312","targetHints":{"allow":["GET"]}}],"collection":[{"href":"https:\/\/specc.com.mx\/index.php\/wp-json\/wp\/v2\/pages"}],"about":[{"href":"https:\/\/specc.com.mx\/index.php\/wp-json\/wp\/v2\/types\/page"}],"author":[{"embeddable":true,"href":"https:\/\/specc.com.mx\/index.php\/wp-json\/wp\/v2\/users\/2"}],"replies":[{"embeddable":true,"href":"https:\/\/specc.com.mx\/index.php\/wp-json\/wp\/v2\/comments?post=1312"}],"version-history":[{"count":15,"href":"https:\/\/specc.com.mx\/index.php\/wp-json\/wp\/v2\/pages\/1312\/revisions"}],"predecessor-version":[{"id":2150,"href":"https:\/\/specc.com.mx\/index.php\/wp-json\/wp\/v2\/pages\/1312\/revisions\/2150"}],"up":[{"embeddable":true,"href":"https:\/\/specc.com.mx\/index.php\/wp-json\/wp\/v2\/pages\/113"}],"wp:attachment":[{"href":"https:\/\/specc.com.mx\/index.php\/wp-json\/wp\/v2\/media?parent=1312"}],"curies":[{"name":"wp","href":"https:\/\/api.w.org\/{rel}","templated":true}]}}