{"id":140,"date":"2015-10-22T15:32:14","date_gmt":"2015-10-22T20:32:14","guid":{"rendered":"http:\/\/test.kriesi.at\/construction\/?page_id=140"},"modified":"2020-07-14T20:24:36","modified_gmt":"2020-07-14T20:24:36","slug":"automatizacion","status":"publish","type":"page","link":"https:\/\/specc.com.mx\/index.php\/servicios\/automatizacion\/","title":{"rendered":"Automatizaci\u00f3n"},"content":{"rendered":"<div id='full_slider_1' class='avia-fullwidth-slider main_color avia-shadow   avia-builder-el-0  el_before_av_one_full  avia-builder-el-first  container_wrap sidebar_right' style=' '  ><div  data-size='featured'  data-lightbox_size='large'  data-animation='slide'  data-conditional_play=''  data-ids='2067'  data-video_counter='0'  data-autoplay='false'  data-bg_slider='false'  data-slide_height=''  data-handle='av_slideshow_full'  data-interval='5'  data-class=' '  data-css_id=''  data-scroll_down=''  data-control_layout='av-control-default'  data-custom_markup=''  data-perma_caption=''  data-autoplay_stopper=''  data-image_attachment=''  data-min_height='0px'  data-src=''  data-position='top left'  data-repeat='no-repeat'  data-attach='scroll'  data-stretch=''  data-default-height='28.666666666667'  class='avia-slideshow avia-slideshow-1  av-control-default av-default-height-applied avia-slideshow-featured av_slideshow_full   avia-slide-slider '  itemprop=\"image\" itemscope=\"itemscope\" itemtype=\"https:\/\/schema.org\/ImageObject\" ><ul class='avia-slideshow-inner ' style='padding-bottom: 40.991420400381%;' ><li  class=' av-single-slide slide-1 ' ><div data-rel='slideshow-1' class='avia-slide-wrap '   ><img src='https:\/\/specc.com.mx\/wp-content\/uploads\/2020\/07\/shutterstock_1009027072.png' width='1049' height='430' title='shutterstock_1009027072' alt=''  itemprop=\"thumbnailUrl\"   \/><\/div><\/li><\/ul><\/div><\/div><div id='after_full_slider_1' class='main_color av_default_container_wrap container_wrap sidebar_right' style=' '  ><div class='container' ><div class='template-page content  av-content-small alpha units'><div class='post-entry post-entry-type-page post-entry-140'><div class='entry-content-wrapper clearfix'>\n<div class=\"flex_column av_one_full  av-animated-generic bottom-to-top  flex_column_div av-zero-column-padding first  avia-builder-el-1  el_after_av_slideshow_full  el_before_av_three_fifth  avia-builder-el-first  \" style='margin-top:0px; margin-bottom:0px; border-radius:0px; '><p><div style='padding-bottom:0px; ' class='av-special-heading av-special-heading-h2  blockquote modern-quote modern-centered  avia-builder-el-2  el_before_av_hr  avia-builder-el-first  '><h2 class='av-special-heading-tag '  itemprop=\"headline\"  >AUTOMATIZACI\u00d3N EN CONTROL DE CALIDAD<\/h2><div class='special-heading-border'><div class='special-heading-inner-border' ><\/div><\/div><\/div><br \/>\n<div style='height:50px' class='hr hr-invisible   avia-builder-el-3  el_after_av_heading  avia-builder-el-last '><span class='hr-inner ' ><span class='hr-inner-style'><\/span><\/span><\/div><\/p><\/div>\n<div class=\"flex_column av_three_fifth  av-animated-generic bottom-to-top  flex_column_div av-zero-column-padding first  avia-builder-el-4  el_after_av_one_full  el_before_av_one_third  column-top-margin\" style='border-radius:0px; '><p><section class=\"av_textblock_section \"  itemscope=\"itemscope\" itemtype=\"https:\/\/schema.org\/CreativeWork\" ><div class='avia_textblock  '   itemprop=\"text\" ><p>Nuestro equipo t\u00e9cnico est\u00e1 especializado en el \u00e1rea de automatizaci\u00f3n con el fin de mejorar los sistemas de control de calidad con elementos computarizados y electromec\u00e1nicos que ayudan y agilizan la productividad de nuestros clientes, disminuyendo costos y\u00a0 tiempos de fabricaci\u00f3n con la mayor seguridad y calidad de los productos.<\/p>\n<\/div><\/section><br \/>\n<section class=\"av_textblock_section \"  itemscope=\"itemscope\" itemtype=\"https:\/\/schema.org\/CreativeWork\" ><div class='avia_textblock  '   itemprop=\"text\" ><p>A trav\u00e9s de la automatizaci\u00f3n, buscamos detectar la presencia de errores teniendo como referencia las especificaciones establecidads por la ingenier\u00eda del producto. As\u00ed mismo, proporcionamos asistencia a las \u00e1reas de fabricaci\u00f3n para que su producci\u00f3n alcance las especificaciones y tolerancias necesarias para obtener productos de calidad.<\/p>\n<\/div><\/section><br \/>\n<div class='avia-image-container  av-styling-no-styling    avia-builder-el-7  el_after_av_textblock  avia-builder-el-last  avia-align-center '  itemprop=\"image\" itemscope=\"itemscope\" itemtype=\"https:\/\/schema.org\/ImageObject\"  ><div class='avia-image-container-inner'><div class='avia-image-overlay-wrap'><img class='avia_image' src='http:\/\/test.kriesi.at\/construction\/wp-content\/uploads\/sites\/7\/2015\/10\/team-banner2-845x630.jpg' alt='' title=''   itemprop=\"thumbnailUrl\"  \/><\/div><\/div><\/div><\/p><\/div>\n<div class=\"flex_column av_one_third  av-animated-generic bottom-to-top  flex_column_div   avia-builder-el-8  el_after_av_three_fifth  el_before_av_hr  column-top-margin\" style='background: #fcfcfc; padding:20px; background-color:#fcfcfc; border-radius:0px; '><div class='avia-image-container  av-styling-    avia-builder-el-9  avia-builder-el-no-sibling  avia-align-center '  itemprop=\"image\" itemscope=\"itemscope\" itemtype=\"https:\/\/schema.org\/ImageObject\"  ><div class='avia-image-container-inner'><div class='avia-image-overlay-wrap'><img class='avia_image' src='https:\/\/specc.com.mx\/wp-content\/uploads\/2020\/07\/cuadro_automation-300x300.jpg' alt='' title='cuadro_automation' height=\"300\" width=\"300\"  itemprop=\"thumbnailUrl\"  \/><\/div><\/div><\/div><\/div>\n<div  class='hr hr-default   avia-builder-el-10  el_after_av_one_third  el_before_av_one_third '><span class='hr-inner ' ><span class='hr-inner-style'><\/span><\/span><\/div>\n<div class=\"flex_column av_one_third  av-animated-generic bottom-to-top  flex_column_div av-zero-column-padding first  avia-builder-el-11  el_after_av_hr  el_before_av_two_fifth  \" style='border-radius:0px; '><p><div class='avia-image-container  av-styling-    avia-builder-el-12  el_before_av_image  avia-builder-el-first  avia-align-center '  itemprop=\"image\" itemscope=\"itemscope\" itemtype=\"https:\/\/schema.org\/ImageObject\"  ><div class='avia-image-container-inner'><div class='avia-image-overlay-wrap'><img class='avia_image' src='https:\/\/www.specc.com.mx\/wp-content\/uploads\/2019\/10\/shutterstock_433502812-300x210.jpg' alt='' title=''   itemprop=\"thumbnailUrl\"  \/><\/div><\/div><\/div><br \/>\n<div class='avia-image-container  av-styling-    avia-builder-el-13  el_after_av_image  el_before_av_image  avia-align-center '  itemprop=\"image\" itemscope=\"itemscope\" itemtype=\"https:\/\/schema.org\/ImageObject\"  ><div class='avia-image-container-inner'><div class='avia-image-overlay-wrap'><img class='avia_image' src='https:\/\/specc.com.mx\/wp-content\/uploads\/2020\/07\/AUTOMAT_2-300x169.jpg' alt='' title='AUTOMAT_2' height=\"169\" width=\"300\"  itemprop=\"thumbnailUrl\"  \/><\/div><\/div><\/div><br \/>\n<div class='avia-image-container  av-styling-no-styling    avia-builder-el-14  el_after_av_image  avia-builder-el-last  avia-align-center '  itemprop=\"image\" itemscope=\"itemscope\" itemtype=\"https:\/\/schema.org\/ImageObject\"  ><div class='avia-image-container-inner'><div class='avia-image-overlay-wrap'><img class='avia_image' src='http:\/\/test.kriesi.at\/construction\/wp-content\/uploads\/sites\/7\/2015\/10\/team-banner2-845x630.jpg' alt='' title=''   itemprop=\"thumbnailUrl\"  \/><\/div><\/div><\/div><\/p><\/div>\n<div class=\"flex_column av_two_fifth  av-animated-generic bottom-to-top  flex_column_div av-zero-column-padding   avia-builder-el-15  el_after_av_one_third  el_before_av_button  \" style='border-radius:0px; '><p><div style='padding-bottom:0px; color:#000000;' class='av-special-heading av-special-heading-h3 custom-color-heading blockquote modern-quote  avia-builder-el-16  el_before_av_textblock  avia-builder-el-first  '><h3 class='av-special-heading-tag '  itemprop=\"headline\"  >Servicio<\/h3><div class='special-heading-border'><div class='special-heading-inner-border' style='border-color:#000000'><\/div><\/div><\/div><br \/>\n<section class=\"av_textblock_section \"  itemscope=\"itemscope\" itemtype=\"https:\/\/schema.org\/CreativeWork\" ><div class='avia_textblock  '   itemprop=\"text\" ><p><span style=\"color: #000000;\">Ofrecemos a nuestros clientes tecnolog\u00edas para aumentar su productividad, con el respaldo de nuestra experiencia para seguridad y confianza de nuestros clientes.<\/span><\/p>\n<\/div><\/section><br \/>\n<div style='height:50px' class='hr hr-invisible   avia-builder-el-18  el_after_av_textblock  avia-builder-el-last '><span class='hr-inner ' ><span class='hr-inner-style'><\/span><\/span><\/div><\/p><\/div><div class='avia-button-wrap avia-button-center  avia-builder-el-19  el_after_av_two_fifth  el_before_av_hr '><a href='https:\/\/specc.com.mx\/index.php\/contacto\/'  class='avia-button   avia-icon_select-yes-left-icon avia-color-custom avia-size-medium avia-position-center '  style='background-color:#231393; border-color:#231393; color:#ffffff; ' ><span class='avia_button_icon avia_button_icon_left ' aria-hidden='true' data-av_icon='\ue835' data-av_iconfont='entypo-fontello'><\/span><span class='avia_iconbox_title' >Solicita una cotizaci\u00f3n<\/span><\/a><\/div><\/p>\n<div  class='hr hr-default   avia-builder-el-20  el_after_av_button  el_before_av_hr '><span class='hr-inner ' ><span class='hr-inner-style'><\/span><\/span><\/div>\n<div style='height:50px' class='hr hr-invisible   avia-builder-el-21  el_after_av_hr  avia-builder-el-last '><span class='hr-inner ' ><span class='hr-inner-style'><\/span><\/span><\/div>\n","protected":false},"excerpt":{"rendered":"","protected":false},"author":2,"featured_media":0,"parent":961,"menu_order":0,"comment_status":"closed","ping_status":"closed","template":"","meta":{"footnotes":""},"class_list":["post-140","page","type-page","status-publish","hentry"],"_links":{"self":[{"href":"https:\/\/specc.com.mx\/index.php\/wp-json\/wp\/v2\/pages\/140","targetHints":{"allow":["GET"]}}],"collection":[{"href":"https:\/\/specc.com.mx\/index.php\/wp-json\/wp\/v2\/pages"}],"about":[{"href":"https:\/\/specc.com.mx\/index.php\/wp-json\/wp\/v2\/types\/page"}],"author":[{"embeddable":true,"href":"https:\/\/specc.com.mx\/index.php\/wp-json\/wp\/v2\/users\/2"}],"replies":[{"embeddable":true,"href":"https:\/\/specc.com.mx\/index.php\/wp-json\/wp\/v2\/comments?post=140"}],"version-history":[{"count":15,"href":"https:\/\/specc.com.mx\/index.php\/wp-json\/wp\/v2\/pages\/140\/revisions"}],"predecessor-version":[{"id":2228,"href":"https:\/\/specc.com.mx\/index.php\/wp-json\/wp\/v2\/pages\/140\/revisions\/2228"}],"up":[{"embeddable":true,"href":"https:\/\/specc.com.mx\/index.php\/wp-json\/wp\/v2\/pages\/961"}],"wp:attachment":[{"href":"https:\/\/specc.com.mx\/index.php\/wp-json\/wp\/v2\/media?parent=140"}],"curies":[{"name":"wp","href":"https:\/\/api.w.org\/{rel}","templated":true}]}}