{"id":2090,"date":"2020-07-14T17:39:48","date_gmt":"2020-07-14T17:39:48","guid":{"rendered":"https:\/\/specc.com.mx\/?page_id=2090"},"modified":"2020-07-17T21:25:21","modified_gmt":"2020-07-17T21:25:21","slug":"aviso_privacidad","status":"publish","type":"page","link":"https:\/\/specc.com.mx\/index.php\/aviso_privacidad\/","title":{"rendered":"Aviso de Privacidad"},"content":{"rendered":"<div id='full_slider_1' class='avia-fullwidth-slider main_color avia-shadow   avia-builder-el-0  el_before_av_textblock  avia-builder-el-first  container_wrap sidebar_right' style=' '  ><div  data-size='featured'  data-lightbox_size='large'  data-animation='slide'  data-conditional_play=''  data-ids='1719'  data-video_counter='0'  data-autoplay='false'  data-bg_slider='false'  data-slide_height=''  data-handle='av_slideshow_full'  data-interval='5'  data-class=' '  data-css_id=''  data-scroll_down=''  data-control_layout='av-control-default'  data-custom_markup=''  data-perma_caption=''  data-autoplay_stopper=''  data-image_attachment=''  data-min_height='0px'  data-src=''  data-position='top left'  data-repeat='no-repeat'  data-attach='scroll'  data-stretch=''  data-default-height='28.666666666667'  class='avia-slideshow avia-slideshow-1  av-control-default av-default-height-applied avia-slideshow-featured av_slideshow_full   avia-slide-slider '  itemprop=\"image\" itemscope=\"itemscope\" itemtype=\"https:\/\/schema.org\/ImageObject\" ><ul class='avia-slideshow-inner ' style='padding-bottom: 28.666666666667%;' ><li  class=' av-single-slide slide-1 ' ><div data-rel='slideshow-1' class='avia-slide-wrap '   ><img src='https:\/\/specc.com.mx\/wp-content\/uploads\/2020\/07\/nos_por_1-1500x430.png' width='1500' height='430' title='nos_por_1' alt=''  itemprop=\"thumbnailUrl\"   \/><\/div><\/li><\/ul><\/div><\/div><div id='after_full_slider_1' class='main_color av_default_container_wrap container_wrap sidebar_right' style=' '  ><div class='container' ><div class='template-page content  av-content-small alpha units'><div class='post-entry post-entry-type-page post-entry-2090'><div class='entry-content-wrapper clearfix'>\n<section class=\"av_textblock_section \"  itemscope=\"itemscope\" itemtype=\"https:\/\/schema.org\/CreativeWork\" ><div class='avia_textblock  '   itemprop=\"text\" ><h2>AVISO DE PRIVACIDAD<\/h2>\n<h5><strong>\u00bfQui\u00e9nes somos?<\/strong><\/h5>\n<p>La direcci\u00f3n de nuestra web es: http:\/\/www.specc.com.mx<\/p>\n<h5>Responsable de la protecci\u00f3n de sus datos personales.<\/h5>\n<p>Con fundamento en los art\u00edculos 15 y 16 de la Ley Federal de Protecci\u00f3n de Datos Personales en Posesi\u00f3n de Particulares hacemos de su conocimiento que Servicios y Productos Especiales para el Control de Calidad S.A. de C.V., es responsable de recabar sus datos personales, del uso que se le d\u00e9 a los mismos y de su protecci\u00f3n, en cumplimiento con los principios de licitud, calidad, consentimiento, informaci\u00f3n, finalidad, lealtad, proporcionalidad y responsabilidad.<\/p>\n<h5>\u00bfPara qu\u00e9 fines recabamos y utilizamos sus datos personales?<\/h5>\n<p>Sus Datos Personales ser\u00e1n utilizados para las siguientes finalidades: (i) invitarlo a nuestros eventos, (ii) darle a conocer servicios y productos, (iii) cotizar servicios y productos, (iv) proveer los servicios y productos que usted solicite; (v) notificarle sobre nuevos servicios o productos que tengan relaci\u00f3n con los ya contratados o adquiridos; (vi) comunicarle sobre cambios en los mismos; (vii) elaborar estudios y programas que son necesarios para determinar h\u00e1bitos de consumo; (viii) realizar evaluaciones peri\u00f3dicas de nuestros productos y servicios a efecto de mejorar la calidad de los mismos; (ix) mantener actualizados nuestros registros para cumplir con nuestras obligaciones fiscales, (x) mantener la comunicaci\u00f3n en general y dar seguimiento a nuestra relaci\u00f3n comercial y (xi) en general, para dar cumplimiento a las obligaciones que hemos contra\u00eddo con usted.<\/p>\n<h5>\u00bfQu\u00e9 datos personales recabamos y de d\u00f3nde?<\/h5>\n<p>Para las finalidades se\u00f1aladas en el presente aviso de privacidad, podemos recabar sus datos personales de distintas formas: Cuando usted nos los proporciona directamente, o a trav\u00e9s de terceros contratados por nosotros, cuando visita nuestros sitios de Internet o utiliza nuestros servicios en l\u00ednea, y cuando obtenemos informaci\u00f3n a trav\u00e9s de otras fuentes que est\u00e1 permitidas por la ley. Recabamos sus datos personales de forma directa cuando usted mismo nos los proporciona por diversos medios (web, v\u00eda telef\u00f3nica, o en registro de Eventos),\u00a0 o nos da informaci\u00f3n con el objeto de que le prestemos nuestros servicios. Los datos que obtenemos por este medio pueden ser, entre otros:<br \/>\n\u2022 Nombre completo<br \/>\n\u2022 Tel\u00e9fono fijo<br \/>\n\u2022 Tel\u00e9fonos Celular<br \/>\n\u2022 Correo electr\u00f3nico<br \/>\n\u2022 Raz\u00f3n Social de la Empresa que representa<br \/>\n\u2022 Puesto<br \/>\n\u2022 Direcci\u00f3n f\u00edsica<br \/>\n\u2022 Ciudad<br \/>\n\u2022 Pa\u00eds<br \/>\n\u2022 Nacionalidad<br \/>\nLos Datos financieros o patrimoniales que recabamos son los contenidos en la copia de la car\u00e1tula de estado de cuenta bancario y\/o contrato bancario ocultando sus movimientos y saldos.<br \/>\nAl proporcionarnos sus Datos Personales, consiente su tratamiento tanto dentro como fuera de los Estados Unidos Mexicanos y entiende que podr\u00e1n ser tratados directa o indirectamente por Servicios y Productos Especiales para el Control de Calidad S.A. de C.V., sus sociedades subsidiarias, afiliadas o relacionadas, con autoridades competentes, as\u00ed como sus terceros proveedores de servicios con quienes tenga una relaci\u00f3n jur\u00eddica, incluyendo sin limitaci\u00f3n con abogados y consultores, as\u00ed mismo, le informamos que para cumplir con las finalidades previstas en este Aviso de Privacidad, los datos ser\u00e1n recabados y tratados bajo las m\u00e1s estrictas medidas de seguridad que garanticen su confidencialidad.<\/p>\n<h5>Datos personales sensibles.<\/h5>\n<h5>El Titular declara que no ha proporcionado y en ning\u00fan caso proporcionar\u00e1 al Responsable \u201cdatos personales sensibles\u201d, es decir, aquellos datos personales \u00edntimos o cuya utilizaci\u00f3n debida o indebida pueda dar origen a discriminaci\u00f3n o conlleve un riesgo grave para \u00e9ste. En particular, el Titular se obliga a no proporcionar al Responsable ning\u00fan Dato relativo a datos sensibles como: origen racial o \u00e9tnico, estado de salud presente y futuro, informaci\u00f3n gen\u00e9tica, creencias religiosas, filos\u00f3ficas y morales, afiliaci\u00f3n sindical, opiniones pol\u00edticas o preferencia sexual.<\/h5>\n<h5>Alcance, uso y divulgaci\u00f3n.<\/h5>\n<p>Usted puede dejar de recibir mensajes de correo electr\u00f3nico publicitario siguiendo los pasos que en los mismos correos que enviamos se se\u00f1alan para este efecto.<\/p>\n<h4><strong>Derechos ARCO. (Acceso, Rectificaci\u00f3n, Cancelaci\u00f3n u Oposici\u00f3n)<\/strong><\/h4>\n<h5>\u00bfC\u00f3mo acceder o rectificar sus datos personales o cancelar u oponerse a su uso?<\/h5>\n<p>Sus Datos Personales son tratados de acuerdo a la legislaci\u00f3n aplicable y vigente en los Estados Unidos Mexicanos, por lo que le informamos que usted tiene derecho a ejercer sus derechos ARCO para acceder a sus datos personales que poseemos y a los detalles del tratamiento de los mismos, as\u00ed como a rectificarlos en caso de ser inexactos o incompletos; cancelarlos cuando considere que no se requieren para alguna de las finalidades se\u00f1aladas en el presente aviso de privacidad, est\u00e9n siendo utilizados para finalidades no consentidas o haya finalizado la relaci\u00f3n contractual o de servicio, o bien, oponerse al tratamiento de los mismos para fines espec\u00edficos.<\/p>\n<p>Los mecanismos que se han implementado para el ejercicio de dichos derechos en los t\u00e9rminos que marca la Ley en su Art. 29, es a trav\u00e9s del env\u00edo de su solicitud a nuestro Departamento de Administraci\u00f3n y Protecci\u00f3n de Datos Personales v\u00eda correo electr\u00f3nico a: <span \n                data-original-string=\"FPwLI2sqJYtw0PtA7maKuw==1efZs1vwsCtoWGecKDm955vm1IK\/PhVhsrg1lIx46hdY4U=\"\n                class=\"apbct-email-encoder\"\n                title=\"This contact has been encoded by Anti-Spam by CleanTalk. Click to decode. To finish the decoding make sure that JavaScript is enabled in your browser.\"><br \/>\n        <span class='apbct-ee-blur-group'><br \/>\n            <span class='apbct-ee-blur_email-text'>co******@sp***.mx<\/span><br \/>\n            <span class='apbct-ee-static-blur'><br \/>\n                <span class='apbct-ee-blur apbct-ee-blur_rectangle-init'><\/span><br \/>\n                <span class='apbct-ee-blur apbct-ee-blur_rectangle-soft'><\/span><br \/>\n                <span class='apbct-ee-blur apbct-ee-blur_rectangle-hard'><\/span><br \/>\n            <\/span><br \/>\n            <span class='apbct-ee-animate-blur'><br \/>\n                <span class='apbct-ee-blur apbct-ee-blur_rectangle-init apbct-ee-blur_animate-init'><\/span><br \/>\n                <span class='apbct-ee-blur apbct-ee-blur_rectangle-soft apbct-ee-blur_animate-soft'><\/span><br \/>\n                <span class='apbct-ee-blur apbct-ee-blur_rectangle-hard apbct-ee-blur_animate-hard'><\/span><br \/>\n            <\/span><br \/>\n        <\/span><br \/>\n<\/span> el cual solicitamos confirme v\u00eda telef\u00f3nica para garantizar su correcta recepci\u00f3n.<\/p>\n<p>La solicitud de derechos ARCO para: acceso, rectificaci\u00f3n, cancelaci\u00f3n u oposici\u00f3n deber\u00e1 contener y acompa\u00f1ar lo siguiente: (i) el nombre del titular, domicilio, cuenta de correo, u otro medio para comunicarle la respuesta a su solicitud; (ii) los documentos que acrediten su identidad (credencial IFE escaneada y\/o pasaporte) o, en su caso, la representaci\u00f3n legal del titular; (iii) la descripci\u00f3n clara y precisa de los Datos Personales respecto de los que se busca ejercer alguno de los derechos antes mencionados, y (iv) cualquier otro elemento o documento que facilite la localizaci\u00f3n de los Datos Personales. En un plazo m\u00e1ximo de 20 d\u00edas h\u00e1biles atenderemos su solicitud.<\/p>\n<p>En caso de no acreditar identidad como titular, no se podr\u00e1 dar tr\u00e1mite a una solicitud de derechos ARCO.<\/p>\n<h5>\u00bfC\u00f3mo puede revocar su consentimiento para el tratamiento de sus datos?<\/h5>\n<p>En todo momento, usted podr\u00e1 revocar el consentimiento que nos ha otorgado para el tratamiento de sus datos personales, a fin de que dejemos de hacer uso de los mismos. Para ello, es necesario que presente su petici\u00f3n enviando correo a nuestra oficina de Administraci\u00f3n y Protecci\u00f3n de Datos Personales a la direcci\u00f3n: <span \n                data-original-string=\"BCc1Wvr+e2wCmKQJ0szZxA==1efJA\/zyxIiFmXwjVqjPqzMpoiOVsAstDr3IDDxoDdYNbA=\"\n                class=\"apbct-email-encoder\"\n                title=\"This contact has been encoded by Anti-Spam by CleanTalk. Click to decode. To finish the decoding make sure that JavaScript is enabled in your browser.\"><br \/>\n        <span class='apbct-ee-blur-group'><br \/>\n            <span class='apbct-ee-blur_email-text'>co******@sp***.mx<\/span><br \/>\n            <span class='apbct-ee-static-blur'><br \/>\n                <span class='apbct-ee-blur apbct-ee-blur_rectangle-init'><\/span><br \/>\n                <span class='apbct-ee-blur apbct-ee-blur_rectangle-soft'><\/span><br \/>\n                <span class='apbct-ee-blur apbct-ee-blur_rectangle-hard'><\/span><br \/>\n            <\/span><br \/>\n            <span class='apbct-ee-animate-blur'><br \/>\n                <span class='apbct-ee-blur apbct-ee-blur_rectangle-init apbct-ee-blur_animate-init'><\/span><br \/>\n                <span class='apbct-ee-blur apbct-ee-blur_rectangle-soft apbct-ee-blur_animate-soft'><\/span><br \/>\n                <span class='apbct-ee-blur apbct-ee-blur_rectangle-hard apbct-ee-blur_animate-hard'><\/span><br \/>\n            <\/span><br \/>\n        <\/span><br \/>\n<\/span>.\u00a0 En caso de que no desee recibir mensajes promocionales de nuestra parte, puede enviarnos su solicitud por medio de la direcci\u00f3n electr\u00f3nica: <span \n                data-original-string=\"bMXuAil1QcvCQmIPzmhbFQ==1efMTv4VBdX6t3I1vk66J4ABjKS+z4KagJ59gRX6Eg8mjI=\"\n                class=\"apbct-email-encoder\"\n                title=\"This contact has been encoded by Anti-Spam by CleanTalk. Click to decode. To finish the decoding make sure that JavaScript is enabled in your browser.\"><br \/>\n        <span class='apbct-ee-blur-group'><br \/>\n            <span class='apbct-ee-blur_email-text'>mk*@sp***.mx<\/span><br \/>\n            <span class='apbct-ee-static-blur'><br \/>\n                <span class='apbct-ee-blur apbct-ee-blur_rectangle-init'><\/span><br \/>\n                <span class='apbct-ee-blur apbct-ee-blur_rectangle-soft'><\/span><br \/>\n                <span class='apbct-ee-blur apbct-ee-blur_rectangle-hard'><\/span><br \/>\n            <\/span><br \/>\n            <span class='apbct-ee-animate-blur'><br \/>\n                <span class='apbct-ee-blur apbct-ee-blur_rectangle-init apbct-ee-blur_animate-init'><\/span><br \/>\n                <span class='apbct-ee-blur apbct-ee-blur_rectangle-soft apbct-ee-blur_animate-soft'><\/span><br \/>\n                <span class='apbct-ee-blur apbct-ee-blur_rectangle-hard apbct-ee-blur_animate-hard'><\/span><br \/>\n            <\/span><br \/>\n        <\/span><br \/>\n<\/span><\/p>\n<h5>\u00bfSus datos personales pueden ser transferidos?<\/h5>\n<p>Sus datos ser\u00e1n transferidos a terceros que han celebrado con <em>Servicios y Productos Especiales para el Control de Calidad S.A. de C.V<\/em>. un convenio de confidencialidad donde se comprometen a mantener la privacidad y correcto tratamiento de los datos personales de titulares bajo el cumplimiento de esta ley, y s\u00f3lo para fines de proporcionarnos sus servicios, y para todas las actividades derivadas de la relaci\u00f3n jur\u00eddica con SPECC. Se entiende que sus datos personales pueden ser transferidos tambi\u00e9n a entidades internacionales; (empresas extranjeras sin oficinas en M\u00e9xico, as\u00ed como entidades de contacto comercial internacional relacionada).<\/p>\n<p>Los terceros y las entidades receptores de datos personales, asumen las mismas obligaciones y\/o responsabilidades de SPECC, de conformidad con lo descrito en el presente Aviso de Privacidad.<\/p>\n<p>Nos comprometemos a no transferir sus datos personales a terceros sin su consentimiento, salvo las excepciones previstas en el art\u00edculo 37 de la LFPDPPP, as\u00ed como a realizar esa transferencia en los t\u00e9rminos que marca esa ley.<\/p>\n<p>Si usted no manifiesta oposici\u00f3n para que sus datos personales sean transferidos, se entender\u00e1 que ha otorgado su consentimiento para ello.<\/p>\n<p>En caso de no dar consentimiento para la transferencia de sus datos personales.<\/p>\n<p>Favor de Llenar los datos siguientes:<br \/>\n( ) Marcar con \u201cX\u201d. No consiento que mis datos personales sean transferidos en los t\u00e9rminos que se\u00f1ala el presente aviso de privacidad.<br \/>\nEn caso de no consentir la transferencia de datos personales indicar:<br \/>\n\u2022 Nombre completo: _______<br \/>\n\u2022 Domicilio: __________<br \/>\n\u2022 Direcci\u00f3n de correo: _______<br \/>\n\u2022 Tel\u00e9fono de Contacto: ________<br \/>\n\u2022 Identificaci\u00f3n Oficial: _______<br \/>\n\u2022 Firma: ______<br \/>\n\u2022 Fecha: ___<\/p>\n<p>En caso de no dar consentimiento para transferencia, le solicitamos devolver este documento con su nombre, firma y fecha, v\u00eda correo a la direcci\u00f3n de contacto: <span \n                data-original-string=\"+U5xqK9a+wiar\/r8vWgqpQ==1efxFWDzT0L1LAVDEBNPmuVkFutdDyek+8P1VV76zuZhK4=\"\n                class=\"apbct-email-encoder\"\n                title=\"This contact has been encoded by Anti-Spam by CleanTalk. Click to decode. To finish the decoding make sure that JavaScript is enabled in your browser.\"><br \/>\n        <span class='apbct-ee-blur-group'><br \/>\n            <span class='apbct-ee-blur_email-text'>co******@sp***.mx<\/span><br \/>\n            <span class='apbct-ee-static-blur'><br \/>\n                <span class='apbct-ee-blur apbct-ee-blur_rectangle-init'><\/span><br \/>\n                <span class='apbct-ee-blur apbct-ee-blur_rectangle-soft'><\/span><br \/>\n                <span class='apbct-ee-blur apbct-ee-blur_rectangle-hard'><\/span><br \/>\n            <\/span><br \/>\n            <span class='apbct-ee-animate-blur'><br \/>\n                <span class='apbct-ee-blur apbct-ee-blur_rectangle-init apbct-ee-blur_animate-init'><\/span><br \/>\n                <span class='apbct-ee-blur apbct-ee-blur_rectangle-soft apbct-ee-blur_animate-soft'><\/span><br \/>\n                <span class='apbct-ee-blur apbct-ee-blur_rectangle-hard apbct-ee-blur_animate-hard'><\/span><br \/>\n            <\/span><br \/>\n        <\/span><br \/>\n<\/span> o entregarlo personalmente en nuestras oficinas, y procederemos a suspender la transferencia de sus datos personales.<\/p>\n<h5>Medidas de Seguridad Implementadas.<\/h5>\n<p>Para la protecci\u00f3n de sus Datos Personales SPECC ha instrumentado mecanismos para asegurar la confidencialidad de los Datos Personales que nos sean proporcionados, quedando \u00e9stos protegidos por medidas de seguridad administrativas, t\u00e9cnicas y f\u00edsicas, para evitar su da\u00f1o, p\u00e9rdida, alteraci\u00f3n, destrucci\u00f3n, uso, acceso o divulgaci\u00f3n indebida.<br \/>\n\u00danicamente las personas autorizadas tendr\u00e1n acceso a dichos Datos Personales a efecto exclusivo de los servicios proporcionados.<br \/>\nCuando comunicamos o compartimos su informaci\u00f3n con terceros que nos prestan servicios, requerimos y verificamos que cuenten con las medidas de seguridad necesarias para proteger sus Datos Personales, prohibiendo el uso de su informaci\u00f3n personal para fines distintos a los encargados, en el entendido que no obstante lo anterior, cualquier incumplimiento por dichos terceros a lo previsto en la ley y su Reglamento es exclusiva responsabilidad de dichos terceros.<br \/>\nLas cookies son archivos de texto que son descargados autom\u00e1ticamente y almacenados en el disco duro del equipo de c\u00f3mputo del usuario al navegar en una p\u00e1gina de Internet espec\u00edfica, que permiten recordar al servidor de Internet algunos datos sobre este usuario, entre ellos, sus preferencias para la visualizaci\u00f3n de las p\u00e1ginas en ese servidor, nombre y contrase\u00f1a, por su parte, las web beacons son im\u00e1genes insertadas en una p\u00e1gina de Internet o correo electr\u00f3nico, que puede ser utilizado para monitorear el comportamiento de un visitante, como almacenar informaci\u00f3n sobre la direcci\u00f3n IP del usuario, duraci\u00f3n del tiempo de interacci\u00f3n en dicha p\u00e1gina y el tipo de navegador utilizado, entre otros.<br \/>\nDicho lo anterior, le informamos que SPECC utiliza cookies y web beacons para obtener informaci\u00f3n de usted como la siguiente: su tipo de navegador y sistema operativo, los v\u00ednculos que sigue al navegar dentro de nuestras p\u00e1ginas, la direcci\u00f3n IP, o, el sitio que visit\u00f3 antes de entrar al nuestro.<\/p>\n<h5>Modificaciones al aviso de privacidad.<\/h5>\n<p>Nos reservamos el derecho de efectuar en cualquier momento modificaciones o actualizaciones al presente aviso de privacidad, para la atenci\u00f3n de modificaciones a regulaciones legislativas, pol\u00edticas internas o nuevos requerimientos para la prestaci\u00f3n u ofrecimiento de nuestros servicios o productos. El presente Aviso de Privacidad, as\u00ed como sus modificaciones, estar\u00e1n a su disposici\u00f3n en la p\u00e1gina de internet: 4-0mm.com.<\/p>\n<h5>Consentimiento.<\/h5>\n<p>Habi\u00e9ndose puesto a su disposici\u00f3n este Aviso de Privacidad y sus modificaciones, ya sea personalmente o a trav\u00e9s de nuestra p\u00e1gina web o de otros medios, y no habiendo manifestado inmediatamente oposici\u00f3n alguna, se entender\u00e1 que el titular ha consentido t\u00e1citamente el tratamiento de sus Datos Personales.<br \/>\nAl proporcionar sus Datos Personales a SPECC, usted est\u00e1 de acuerdo en su tratamiento.<br \/>\nEn caso de no estarlo, favor de no proporcionar dato alguno. Para cualquier duda o pregunta se puede comunicar con nuestro Departamento de Administraci\u00f3n y Protecci\u00f3n de Datos Personales al correo <span \n                data-original-string=\"KyD9n48WGIdGmlgYD7O+BA==1efydPkiLLkyPzy\/XYWpFQ9N2pSP81eKa2eXYx+NUb1qF4=\"\n                class=\"apbct-email-encoder\"\n                title=\"This contact has been encoded by Anti-Spam by CleanTalk. Click to decode. To finish the decoding make sure that JavaScript is enabled in your browser.\"><br \/>\n        <span class='apbct-ee-blur-group'><br \/>\n            <span class='apbct-ee-blur_email-text'>co******@sp***.mx<\/span><br \/>\n            <span class='apbct-ee-static-blur'><br \/>\n                <span class='apbct-ee-blur apbct-ee-blur_rectangle-init'><\/span><br \/>\n                <span class='apbct-ee-blur apbct-ee-blur_rectangle-soft'><\/span><br \/>\n                <span class='apbct-ee-blur apbct-ee-blur_rectangle-hard'><\/span><br \/>\n            <\/span><br \/>\n            <span class='apbct-ee-animate-blur'><br \/>\n                <span class='apbct-ee-blur apbct-ee-blur_rectangle-init apbct-ee-blur_animate-init'><\/span><br \/>\n                <span class='apbct-ee-blur apbct-ee-blur_rectangle-soft apbct-ee-blur_animate-soft'><\/span><br \/>\n                <span class='apbct-ee-blur apbct-ee-blur_rectangle-hard apbct-ee-blur_animate-hard'><\/span><br \/>\n            <\/span><br \/>\n        <\/span><br \/>\n<\/span><br \/>\n\u00bfAnte qui\u00e9n puede presentar sus quejas y denuncias por el tratamiento indebido de sus datos personales?<br \/>\nSi usted considera que su derecho de protecci\u00f3n de datos personales ha sido lesionado por alguna conducta de nuestros empleados o de nuestras actuaciones o respuestas, presume que en el tratamiento de sus datos personales existe alguna violaci\u00f3n a las disposiciones previstas en la Ley Federal de Protecci\u00f3n de Datos Personales en Posesi\u00f3n de los Particulares, podr\u00e1 interponer la queja o denuncia correspondiente ante el INAI, para mayor informaci\u00f3n visite www.ifai.org.mx<\/p>\n<p>Fecha de \u00faltima actualizaci\u00f3n: 26\/01\/2018.<\/p>\n<\/div><\/section>\n","protected":false},"excerpt":{"rendered":"","protected":false},"author":1,"featured_media":0,"parent":0,"menu_order":0,"comment_status":"closed","ping_status":"closed","template":"","meta":{"footnotes":""},"class_list":["post-2090","page","type-page","status-publish","hentry"],"_links":{"self":[{"href":"https:\/\/specc.com.mx\/index.php\/wp-json\/wp\/v2\/pages\/2090","targetHints":{"allow":["GET"]}}],"collection":[{"href":"https:\/\/specc.com.mx\/index.php\/wp-json\/wp\/v2\/pages"}],"about":[{"href":"https:\/\/specc.com.mx\/index.php\/wp-json\/wp\/v2\/types\/page"}],"author":[{"embeddable":true,"href":"https:\/\/specc.com.mx\/index.php\/wp-json\/wp\/v2\/users\/1"}],"replies":[{"embeddable":true,"href":"https:\/\/specc.com.mx\/index.php\/wp-json\/wp\/v2\/comments?post=2090"}],"version-history":[{"count":5,"href":"https:\/\/specc.com.mx\/index.php\/wp-json\/wp\/v2\/pages\/2090\/revisions"}],"predecessor-version":[{"id":2240,"href":"https:\/\/specc.com.mx\/index.php\/wp-json\/wp\/v2\/pages\/2090\/revisions\/2240"}],"wp:attachment":[{"href":"https:\/\/specc.com.mx\/index.php\/wp-json\/wp\/v2\/media?parent=2090"}],"curies":[{"name":"wp","href":"https:\/\/api.w.org\/{rel}","templated":true}]}}