{"id":962,"date":"2015-10-21T12:34:01","date_gmt":"2015-10-21T17:34:01","guid":{"rendered":"http:\/\/test.kriesi.at\/construction\/?page_id=31"},"modified":"2020-07-14T19:10:13","modified_gmt":"2020-07-14T19:10:13","slug":"nosotros","status":"publish","type":"page","link":"https:\/\/specc.com.mx\/index.php\/nosotros\/","title":{"rendered":"Nosotros"},"content":{"rendered":"<div id='full_slider_1' class='avia-fullwidth-slider main_color avia-shadow   avia-builder-el-0  el_before_av_section  avia-builder-el-first  container_wrap sidebar_right' style=' '  ><div  data-size='featured_large'  data-lightbox_size='large'  data-animation='fade'  data-conditional_play=''  data-ids='2087'  data-video_counter='0'  data-autoplay='true'  data-bg_slider='false'  data-slide_height=''  data-handle='av_slideshow_full'  data-interval='5'  data-class=' '  data-css_id=''  data-scroll_down=''  data-control_layout='av-control-hidden'  data-custom_markup=''  data-perma_caption=''  data-autoplay_stopper=''  data-image_attachment=''  data-min_height='0px'  data-src=''  data-position='top left'  data-repeat='no-repeat'  data-attach='scroll'  data-stretch=''  data-default-height='42'  class='avia-slideshow avia-slideshow-1  av-control-hidden av-default-height-applied avia-slideshow-featured_large av_slideshow_full   avia-fade-slider '  itemprop=\"image\" itemscope=\"itemscope\" itemtype=\"https:\/\/schema.org\/ImageObject\" ><ul class='avia-slideshow-inner ' style='padding-bottom: 34.2%;' ><li  class=' av-single-slide slide-1 ' ><div data-rel='slideshow-1' class='avia-slide-wrap '   ><img src='https:\/\/specc.com.mx\/wp-content\/uploads\/2020\/07\/empresa_754272790.png' width='1500' height='513' title='empresa_754272790' alt=''  itemprop=\"thumbnailUrl\"   \/><\/div><\/li><\/ul><\/div><\/div>\n<div id='av_section_1' class='avia-section main_color avia-section-large avia-no-border-styling avia-bg-style-scroll  avia-builder-el-1  el_after_av_slideshow_full  el_before_av_one_full   container_wrap sidebar_right' style=' '  ><div class='container' ><div class='template-page content  av-content-small alpha units'><div class='post-entry post-entry-type-page post-entry-962'><div class='entry-content-wrapper clearfix'>\n<div style='padding-bottom:0px; ' class='av-special-heading av-special-heading-h2  blockquote modern-quote modern-centered  avia-builder-el-2  avia-builder-el-no-sibling   '><h2 class='av-special-heading-tag '  itemprop=\"headline\"  >Sobre Nosotros<\/h2><div class='special-heading-border'><div class='special-heading-inner-border' ><\/div><\/div><\/div>\n<\/div><\/div><\/div><!-- close content main div --><\/div><\/div><div id='after_section_1' class='main_color av_default_container_wrap container_wrap sidebar_right' style=' '  ><div class='container' ><div class='template-page content  av-content-small alpha units'><div class='post-entry post-entry-type-page post-entry-962'><div class='entry-content-wrapper clearfix'>\n<div class=\"flex_column av_one_full  av-animated-generic bottom-to-top  flex_column_div first  avia-builder-el-3  el_after_av_section  el_before_av_hr  avia-builder-el-first  \" style='background: #ffffff; padding:20px; background-color:#ffffff; border-radius:0px; '><section class=\"av_textblock_section \"  itemscope=\"itemscope\" itemtype=\"https:\/\/schema.org\/CreativeWork\" ><div class='avia_textblock  '   itemprop=\"text\" ><p style=\"box-sizing: border-box; margin: 0.85em 0px; padding: 0px; border: 0px #ebebeb; font-variant-numeric: inherit; font-variant-east-asian: inherit; font-stretch: inherit; font-size: 15px; line-height: inherit; font-family: 'open sans', HelveticaNeue, 'Helvetica Neue', Helvetica-Neue, Helvetica, Arial, sans-serif; vertical-align: baseline; color: #b0b0b0;\"><span style=\"box-sizing: border-box; margin: 0px; padding: 0px; border: 0px #ebebeb; font: inherit; vertical-align: baseline; color: #000000;\">Somos una empresa mexicana creada para cubrir las necesidades de la industria, en cuanto a tener el soporte adecuado y oportuno en aspectos de Metrolog\u00eda y Control de Calidad, brindando los productos y servicios que garantizar\u00e1n el \u00e9xito de nuestros clientes mediante la asesor\u00eda temprana en el dise\u00f1o de las l\u00edneas de producci\u00f3n.<\/span><\/p>\n<p style=\"box-sizing: border-box; margin: 0.85em 0px; padding: 0px; border: 0px #ebebeb; font-variant-numeric: inherit; font-variant-east-asian: inherit; font-stretch: inherit; font-size: 15px; line-height: inherit; font-family: 'open sans', HelveticaNeue, 'Helvetica Neue', Helvetica-Neue, Helvetica, Arial, sans-serif; vertical-align: baseline; color: #b0b0b0;\"><span style=\"box-sizing: border-box; margin: 0px; padding: 0px; border: 0px #ebebeb; font: inherit; vertical-align: baseline; color: #000000;\">Contamos com m\u00e1s de 10 a\u00f1os de experiencia, con personal capacitado constantemente en las nuevas tecnolog\u00edas y requerimientos de la industria, asimismo, tenemos instalaciones con el equipo y maquinaria necesario para asegurar alta calidad de nuestros productos, estando en las principales plazas industriales para brindar un mejor servicio y atenci\u00f3n a nuestros clientes.<\/span><\/p>\n<p style=\"box-sizing: border-box; margin: 0.85em 0px; padding: 0px; border: 0px #ebebeb; font-variant-numeric: inherit; font-variant-east-asian: inherit; font-stretch: inherit; font-size: 15px; line-height: inherit; font-family: 'open sans', HelveticaNeue, 'Helvetica Neue', Helvetica-Neue, Helvetica, Arial, sans-serif; vertical-align: baseline; color: #b0b0b0;\"><span style=\"box-sizing: border-box; margin: 0px; padding: 0px; border: 0px #ebebeb; font: inherit; vertical-align: baseline; color: #000000;\">Nuestras oficinas se encuentran en el \u00e1rea de Baj\u00edo lo que nos permite dar atenci\u00f3n a todo el pa\u00eds, teniendo nuestra oficina principal en Quer\u00e9taro y Ciudad de M\u00e9xico.<\/span><\/p>\n<\/div><\/section><\/div>\n<div style='height:50px' class='hr hr-invisible   avia-builder-el-5  el_after_av_one_full  el_before_av_video '><span class='hr-inner ' ><span class='hr-inner-style'><\/span><\/span><\/div>\n<div class='avia-video avia-video-16-9 avia-video-html5  '   itemprop=\"video\" itemtype=\"https:\/\/schema.org\/VideoObject\"  data-original_url='https:\/\/specc.com.mx\/wp-content\/uploads\/2020\/07\/SPECC_presentacion.mp4' ><video class=\"avia_video\"   loop preload=\"metadata\"  controls id=\"player_962_1991752863_1109399629\" >\t<source src=\"https:\/\/specc.com.mx\/wp-content\/uploads\/2020\/07\/SPECC_presentacion.mp4\" type=\"video\/mp4\" \/><\/video><\/div>\n<div style='height:50px' class='hr hr-invisible   avia-builder-el-7  el_after_av_video  el_before_av_one_full '><span class='hr-inner ' ><span class='hr-inner-style'><\/span><\/span><\/div>\n<div class=\"flex_column av_one_full  av-animated-generic bottom-to-top  flex_column_div av-zero-column-padding first  avia-builder-el-8  el_after_av_hr  el_before_av_one_full  \" style='border-radius:0px; '><p><div style='padding-bottom:0px; ' class='av-special-heading av-special-heading-h3  blockquote modern-quote modern-centered  avia-builder-el-9  el_before_av_textblock  avia-builder-el-first   '><h3 class='av-special-heading-tag '  itemprop=\"headline\"  >Nuestra Misi\u00f3n <\/h3><div class='special-heading-border'><div class='special-heading-inner-border' ><\/div><\/div><\/div><br \/>\n<section class=\"av_textblock_section \"  itemscope=\"itemscope\" itemtype=\"https:\/\/schema.org\/CreativeWork\" ><div class='avia_textblock  av_inherit_color '  style='color:#444444; '  itemprop=\"text\" ><p><span style=\"font-family: 'open sans', HelveticaNeue, 'Helvetica Neue', Helvetica-Neue, Helvetica, Arial, sans-serif; font-size: 15px;\">&#8220;Ser la empresa mexicana que ofrece los mejores productos y servicios de calidad, tiempos de entrega adecuados y la mayor flexibilidad en M\u00e9xico, logrando relaciones de negocios a largo plazo y con el compromiso de dar el mejor servicio a nuestros clientes.&#8221;<\/span><\/p>\n<\/div><\/section><\/p><\/div>\n<div class=\"flex_column av_one_full  av-animated-generic bottom-to-top  flex_column_div av-zero-column-padding first  avia-builder-el-11  el_after_av_one_full  el_before_av_one_full  column-top-margin\" style='border-radius:0px; '><p><div style='padding-bottom:0px; ' class='av-special-heading av-special-heading-h3  blockquote modern-quote modern-centered  avia-builder-el-12  el_before_av_textblock  avia-builder-el-first   '><h3 class='av-special-heading-tag '  itemprop=\"headline\"  >Nuestra Visi\u00f3n<\/h3><div class='special-heading-border'><div class='special-heading-inner-border' ><\/div><\/div><\/div><br \/>\n<section class=\"av_textblock_section \"  itemscope=\"itemscope\" itemtype=\"https:\/\/schema.org\/CreativeWork\" ><div class='avia_textblock  av_inherit_color '  style='color:#444444; '  itemprop=\"text\" ><p style=\"text-align: left;\"><span style=\"font-family: 'open sans', HelveticaNeue, 'Helvetica Neue', Helvetica-Neue, Helvetica, Arial, sans-serif; font-size: 15px;\">Llegar a ser el proveedor mas importante en productos y servicios enfocados al Control de Calidad para la industria nacional, por encima de la competencia mexicana y extranjera, asegurando el \u00e9xito de nuestros clientes, colaboradores e inversionistas.<\/span><\/p>\n<\/div><\/section><\/p><\/div>\n<div class=\"flex_column av_one_full  av-animated-generic bottom-to-top  flex_column_div av-zero-column-padding first  avia-builder-el-14  el_after_av_one_full  el_before_av_hr  column-top-margin\" style='border-radius:0px; '><p><div style='padding-bottom:0px; ' class='av-special-heading av-special-heading-h3  blockquote modern-quote modern-centered  avia-builder-el-15  el_before_av_textblock  avia-builder-el-first   '><h3 class='av-special-heading-tag '  itemprop=\"headline\"  >Nuestras Instalaciones<\/h3><div class='special-heading-border'><div class='special-heading-inner-border' ><\/div><\/div><\/div><br \/>\n<section class=\"av_textblock_section \"  itemscope=\"itemscope\" itemtype=\"https:\/\/schema.org\/CreativeWork\" ><div class='avia_textblock  av_inherit_color '  style='color:#444444; '  itemprop=\"text\" ><p><span style=\"font-family: 'open sans', HelveticaNeue, 'Helvetica Neue', Helvetica-Neue, Helvetica, Arial, sans-serif; font-size: 15px;\">Nuestras instalaciones est\u00e1n equipadas con m\u00e1quinas y herramientas para proporcionar productos y servicios que garantizan nuestra calidad para satisfacer sus requerimientos.\u00a0 <\/span><\/p>\n<p><span style=\"font-family: 'open sans', HelveticaNeue, 'Helvetica Neue', Helvetica-Neue, Helvetica, Arial, sans-serif; font-size: 15px;\">Brindamos soporte de alta especialidad ya que contamos con personal capacitado constantemente y actualizado en las nuevas tecnolog\u00edas para el control de calidad.<\/span><\/p>\n<\/div><\/section><\/p><\/div>\n<div style='height:50px' class='hr hr-invisible   avia-builder-el-17  el_after_av_one_full  el_before_av_hr '><span class='hr-inner ' ><span class='hr-inner-style'><\/span><\/span><\/div>\n<div style='height:50px' class='hr hr-invisible   avia-builder-el-18  el_after_av_hr  avia-builder-el-last '><span class='hr-inner ' ><span class='hr-inner-style'><\/span><\/span><\/div>\n","protected":false},"excerpt":{"rendered":"","protected":false},"author":2,"featured_media":0,"parent":0,"menu_order":0,"comment_status":"closed","ping_status":"closed","template":"","meta":{"footnotes":""},"class_list":["post-962","page","type-page","status-publish","hentry"],"_links":{"self":[{"href":"https:\/\/specc.com.mx\/index.php\/wp-json\/wp\/v2\/pages\/962","targetHints":{"allow":["GET"]}}],"collection":[{"href":"https:\/\/specc.com.mx\/index.php\/wp-json\/wp\/v2\/pages"}],"about":[{"href":"https:\/\/specc.com.mx\/index.php\/wp-json\/wp\/v2\/types\/page"}],"author":[{"embeddable":true,"href":"https:\/\/specc.com.mx\/index.php\/wp-json\/wp\/v2\/users\/2"}],"replies":[{"embeddable":true,"href":"https:\/\/specc.com.mx\/index.php\/wp-json\/wp\/v2\/comments?post=962"}],"version-history":[{"count":9,"href":"https:\/\/specc.com.mx\/index.php\/wp-json\/wp\/v2\/pages\/962\/revisions"}],"predecessor-version":[{"id":2104,"href":"https:\/\/specc.com.mx\/index.php\/wp-json\/wp\/v2\/pages\/962\/revisions\/2104"}],"wp:attachment":[{"href":"https:\/\/specc.com.mx\/index.php\/wp-json\/wp\/v2\/media?parent=962"}],"curies":[{"name":"wp","href":"https:\/\/api.w.org\/{rel}","templated":true}]}}